
{"id":7011722,"date":"2020-10-08T17:21:17","date_gmt":"2020-10-08T17:21:17","guid":{"rendered":"https:\/\/jeffersonwells.be\/?page_id=7011722"},"modified":"2020-12-21T23:48:24","modified_gmt":"2020-12-21T23:48:24","slug":"engineering","status":"publish","type":"page","link":"https:\/\/jeffersonwells.be\/fr\/solutions\/engineering\/","title":{"rendered":"Engineering"},"content":{"rendered":"\t\t<div data-elementor-type=\"wp-page\" data-elementor-id=\"7011722\" class=\"elementor elementor-7011722 elementor-7011395\" data-elementor-post-type=\"page\">\n\t\t\t\t\t\t<section class=\"elementor-section elementor-top-section elementor-element elementor-element-9565b5a elementor-section-stretched elementor-section-boxed elementor-section-height-default elementor-section-height-default\" data-id=\"9565b5a\" data-element_type=\"section\" data-e-type=\"section\" data-settings=\"{&quot;stretch_section&quot;:&quot;section-stretched&quot;,&quot;background_background&quot;:&quot;classic&quot;,&quot;animation&quot;:&quot;none&quot;}\">\n\t\t\t\t\t\t\t<div class=\"elementor-background-overlay\"><\/div>\n\t\t\t\t\t\t\t<div class=\"elementor-container elementor-column-gap-default\">\n\t\t\t\t\t<div class=\"elementor-column elementor-col-50 elementor-top-column elementor-element elementor-element-58f7d50 Home-section1-Text-gauche\" data-id=\"58f7d50\" data-element_type=\"column\" data-e-type=\"column\" data-settings=\"{&quot;background_background&quot;:&quot;classic&quot;,&quot;animation&quot;:&quot;none&quot;}\">\n\t\t\t<div class=\"elementor-widget-wrap elementor-element-populated\">\n\t\t\t\t\t\t<div class=\"elementor-element elementor-element-5ff8312 elementor-widget elementor-widget-text-editor\" data-id=\"5ff8312\" data-element_type=\"widget\" data-e-type=\"widget\" data-widget_type=\"text-editor.default\">\n\t\t\t\t<div class=\"elementor-widget-container\">\n\t\t\t\t\t\t\t\t\t<h1><span style=\"color: #386097;\">Engineering<\/span><\/h1>\t\t\t\t\t\t\t\t<\/div>\n\t\t\t\t<\/div>\n\t\t\t\t\t<\/div>\n\t\t<\/div>\n\t\t\t\t<div class=\"elementor-column elementor-col-50 elementor-top-column elementor-element elementor-element-1424e62 Home-section1-Text-droite\" data-id=\"1424e62\" data-element_type=\"column\" data-e-type=\"column\" data-settings=\"{&quot;background_background&quot;:&quot;classic&quot;,&quot;animation&quot;:&quot;none&quot;}\">\n\t\t\t<div class=\"elementor-widget-wrap elementor-element-populated\">\n\t\t\t\t\t\t\t<\/div>\n\t\t<\/div>\n\t\t\t\t\t<\/div>\n\t\t<\/section>\n\t\t\t\t<section class=\"elementor-section elementor-top-section elementor-element elementor-element-1a362522 elementor-section-boxed elementor-section-height-default elementor-section-height-default\" data-id=\"1a362522\" data-element_type=\"section\" data-e-type=\"section\" data-settings=\"{&quot;background_background&quot;:&quot;classic&quot;}\">\n\t\t\t\t\t\t<div class=\"elementor-container elementor-column-gap-default\">\n\t\t\t\t\t<div class=\"elementor-column elementor-col-100 elementor-top-column elementor-element elementor-element-3460fda0\" data-id=\"3460fda0\" data-element_type=\"column\" data-e-type=\"column\">\n\t\t\t<div class=\"elementor-widget-wrap elementor-element-populated\">\n\t\t\t\t\t\t<div class=\"elementor-element elementor-element-2f257459 elementor-widget elementor-widget-text-editor\" data-id=\"2f257459\" data-element_type=\"widget\" data-e-type=\"widget\" data-widget_type=\"text-editor.default\">\n\t\t\t\t<div class=\"elementor-widget-container\">\n\t\t\t\t\t\t\t\t\t<p>Alors qu\u2019elle n\u2019est plus \u00e0 d\u00e9montrer, la p\u00e9nurie d\u2019ing\u00e9nieurs sur le march\u00e9 de l\u2019emploi reste encore et toujours un probl\u00e8me pour de nombreuses entreprises. <br>C\u2019est avec cette \u00e9vidence en t\u00eate que nos \u00e9quipes d\u00e9di\u00e9es aux m\u00e9tiers de l\u2019Engineering couvrent les fonctions destin\u00e9es aux jeunes dipl\u00f4m\u00e9.es, aux personnes exp\u00e9riment\u00e9es ou encore les fonctions manag\u00e9riales.<br>Nos collaborateurs vous accompagnent dans vos recrutements, pour renforcer vos \u00e9quipes dans tout type de projet et ainsi d\u00e9terminer les meilleurs profils n\u00e9cessaires \u00e0 leurs accomplissements.<br>Au sein de Jefferson Wells , nos collaborateurs sont \u00e9galement form\u00e9s aux notions techniques sp\u00e9cifiques des m\u00e9tiers de l\u2019engineering. Ainsi, ils sont en mesure de de mieux comprendre les attentes des clients, les envies des candidats et s\u2019assurer que les deux parties d\u00e9veloppent l\u2019alchimie n\u00e9cessaire \u00e0 une collaboration fructueuse.<br>&nbsp;Nos \u00e9quipes de Bruxelles, Braine l\u2019alleud et Drongen seront ravies d\u2019accompagner \u00e0 la fois talents et clients dans leurs futures collaborations.<br>La division Engineering de Jefferson Wells, est en effet pr\u00e9sente sur toute la Belgique et dans toutes les industries avec de nombreuses r\u00e9f\u00e9rences dans<b> l\u2019automotive,<\/b> <b>le ferroviaire, la construction, l\u2019\u00e9nergie, le pharmaceutique et l\u2019a\u00e9ronautique.<\/b><\/p>\n<p><u>Voici un aper\u00e7u des profils nos talents&nbsp;:<br><\/u><br>&#8211;&nbsp;<b>Production <\/b><br><b>&#8211; Logistique<\/b><br><b>&#8211; Support <\/b>(m\u00e9thode, process, lean, industrialisation, R&amp;D, automation, achat, technico-commercial)<br>&#8211;&nbsp;<b>Maintenance <\/b><br>&#8211;&nbsp;<b>Bureau d\u2019\u00e9tudes<\/b> (construction et \u00e9lectrom\u00e9canique\/m\u00e9canique) <br>&#8211;&nbsp;<b>Construction <\/b>(conducteur de chantier, gestionnaire de chantiers, directeur travaux)<br>&#8211;&nbsp;<b>S\u00e9curit\u00e9<\/b> (HSE, conseiller en pr\u00e9vention-RAMS Engineer)<br>&#8211;&nbsp;<b>Service<\/b> (gestion de projets \u00e9lectricit\u00e9\/\u00e9lectrom\u00e9canique\/HVAC\/m\u00e9canique, deviseur, tender, charg\u00e9 d\u2019affaires)<br><b>&#8211; Electronique<\/b> (R&amp;D, product engineer)<br>&#8211;&nbsp;<b>La qualit\u00e9 ( <\/b><b>Quality<\/b><b> assurance, <\/b><b>Quality<\/b><b> Control)<\/b><\/p>\t\t\t\t\t\t\t\t<\/div>\n\t\t\t\t<\/div>\n\t\t\t\t\t<\/div>\n\t\t<\/div>\n\t\t\t\t\t<\/div>\n\t\t<\/section>\n\t\t\t\t<\/div>\n\t\t","protected":false},"excerpt":{"rendered":"<p>Engineering Alors qu\u2019elle n\u2019est plus \u00e0 d\u00e9montrer, la p\u00e9nurie d\u2019ing\u00e9nieurs sur le march\u00e9 de l\u2019emploi reste encore et toujours un probl\u00e8me pour de nombreuses entreprises. C\u2019est avec cette \u00e9vidence en t\u00eate que nos \u00e9quipes d\u00e9di\u00e9es aux m\u00e9tiers de l\u2019Engineering couvrent les fonctions destin\u00e9es aux jeunes dipl\u00f4m\u00e9.es, aux personnes exp\u00e9riment\u00e9es ou encore les fonctions manag\u00e9riales.Nos collaborateurs &hellip; <a href=\"https:\/\/jeffersonwells.be\/fr\/solutions\/engineering\/\" class=\"more-link\">Continuer la lecture<span class=\"screen-reader-text\"> de &laquo;&nbsp;Engineering&nbsp;&raquo;<\/span><\/a><\/p>\n","protected":false},"author":40,"featured_media":0,"parent":7011709,"menu_order":0,"comment_status":"closed","ping_status":"closed","template":"elementor_header_footer","meta":{"_vp_format_video_url":"","_vp_image_focal_point":[],"footnotes":""},"class_list":["post-7011722","page","type-page","status-publish","hentry"],"yoast_head":"<!-- This site is optimized with the Yoast SEO plugin v27.4 - https:\/\/yoast.com\/product\/yoast-seo-wordpress\/ -->\n<title>Engineering - Jefferson Wells<\/title>\n<meta name=\"robots\" content=\"index, follow, max-snippet:-1, max-image-preview:large, max-video-preview:-1\" \/>\n<link rel=\"canonical\" href=\"https:\/\/jeffersonwells.be\/fr\/solutions\/engineering\/\" \/>\n<meta property=\"og:locale\" content=\"fr_FR\" \/>\n<meta property=\"og:type\" content=\"article\" \/>\n<meta property=\"og:title\" content=\"Engineering - Jefferson Wells\" \/>\n<meta property=\"og:description\" content=\"Engineering Alors qu\u2019elle n\u2019est plus \u00e0 d\u00e9montrer, la p\u00e9nurie d\u2019ing\u00e9nieurs sur le march\u00e9 de l\u2019emploi reste encore et toujours un probl\u00e8me pour de nombreuses entreprises. C\u2019est avec cette \u00e9vidence en t\u00eate que nos \u00e9quipes d\u00e9di\u00e9es aux m\u00e9tiers de l\u2019Engineering couvrent les fonctions destin\u00e9es aux jeunes dipl\u00f4m\u00e9.es, aux personnes exp\u00e9riment\u00e9es ou encore les fonctions manag\u00e9riales.Nos collaborateurs &hellip; Continuer la lecture de &laquo;&nbsp;Engineering&nbsp;&raquo;\" \/>\n<meta property=\"og:url\" content=\"https:\/\/jeffersonwells.be\/fr\/solutions\/engineering\/\" \/>\n<meta property=\"og:site_name\" content=\"Jefferson Wells\" \/>\n<meta property=\"article:modified_time\" content=\"2020-12-21T23:48:24+00:00\" \/>\n<meta name=\"twitter:card\" content=\"summary_large_image\" \/>\n<meta name=\"twitter:label1\" content=\"Dur\u00e9e de lecture estim\u00e9e\" \/>\n\t<meta name=\"twitter:data1\" content=\"2 minutes\" \/>\n<script type=\"application\/ld+json\" class=\"yoast-schema-graph\">{\"@context\":\"https:\\\/\\\/schema.org\",\"@graph\":[{\"@type\":\"WebPage\",\"@id\":\"https:\\\/\\\/jeffersonwells.be\\\/fr\\\/solutions\\\/engineering\\\/\",\"url\":\"https:\\\/\\\/jeffersonwells.be\\\/fr\\\/solutions\\\/engineering\\\/\",\"name\":\"Engineering - Jefferson Wells\",\"isPartOf\":{\"@id\":\"https:\\\/\\\/jeffersonwells.be\\\/nl\\\/#website\"},\"datePublished\":\"2020-10-08T17:21:17+00:00\",\"dateModified\":\"2020-12-21T23:48:24+00:00\",\"breadcrumb\":{\"@id\":\"https:\\\/\\\/jeffersonwells.be\\\/fr\\\/solutions\\\/engineering\\\/#breadcrumb\"},\"inLanguage\":\"fr-FR\",\"potentialAction\":[{\"@type\":\"ReadAction\",\"target\":[\"https:\\\/\\\/jeffersonwells.be\\\/fr\\\/solutions\\\/engineering\\\/\"]}]},{\"@type\":\"BreadcrumbList\",\"@id\":\"https:\\\/\\\/jeffersonwells.be\\\/fr\\\/solutions\\\/engineering\\\/#breadcrumb\",\"itemListElement\":[{\"@type\":\"ListItem\",\"position\":1,\"name\":\"Solutions\",\"item\":\"https:\\\/\\\/jeffersonwells.be\\\/fr\\\/solutions\\\/\"},{\"@type\":\"ListItem\",\"position\":2,\"name\":\"Engineering\"}]},{\"@type\":\"WebSite\",\"@id\":\"https:\\\/\\\/jeffersonwells.be\\\/nl\\\/#website\",\"url\":\"https:\\\/\\\/jeffersonwells.be\\\/nl\\\/\",\"name\":\"Jefferson Wells\",\"description\":\"\",\"publisher\":{\"@id\":\"https:\\\/\\\/jeffersonwells.be\\\/nl\\\/#organization\"},\"potentialAction\":[{\"@type\":\"SearchAction\",\"target\":{\"@type\":\"EntryPoint\",\"urlTemplate\":\"https:\\\/\\\/jeffersonwells.be\\\/nl\\\/?s={search_term_string}\"},\"query-input\":{\"@type\":\"PropertyValueSpecification\",\"valueRequired\":true,\"valueName\":\"search_term_string\"}}],\"inLanguage\":\"fr-FR\"},{\"@type\":\"Organization\",\"@id\":\"https:\\\/\\\/jeffersonwells.be\\\/nl\\\/#organization\",\"name\":\"Jefferson Wells\",\"url\":\"https:\\\/\\\/jeffersonwells.be\\\/nl\\\/\",\"logo\":{\"@type\":\"ImageObject\",\"inLanguage\":\"fr-FR\",\"@id\":\"https:\\\/\\\/jeffersonwells.be\\\/nl\\\/#\\\/schema\\\/logo\\\/image\\\/\",\"url\":\"https:\\\/\\\/jeffersonwells.be\\\/wp-content\\\/uploads\\\/2020\\\/09\\\/cropped-logo-Jeffersonwells.png\",\"contentUrl\":\"https:\\\/\\\/jeffersonwells.be\\\/wp-content\\\/uploads\\\/2020\\\/09\\\/cropped-logo-Jeffersonwells.png\",\"width\":240,\"height\":47,\"caption\":\"Jefferson Wells\"},\"image\":{\"@id\":\"https:\\\/\\\/jeffersonwells.be\\\/nl\\\/#\\\/schema\\\/logo\\\/image\\\/\"}}]}<\/script>\n<!-- \/ Yoast SEO plugin. -->","yoast_head_json":{"title":"Engineering - Jefferson Wells","robots":{"index":"index","follow":"follow","max-snippet":"max-snippet:-1","max-image-preview":"max-image-preview:large","max-video-preview":"max-video-preview:-1"},"canonical":"https:\/\/jeffersonwells.be\/fr\/solutions\/engineering\/","og_locale":"fr_FR","og_type":"article","og_title":"Engineering - Jefferson Wells","og_description":"Engineering Alors qu\u2019elle n\u2019est plus \u00e0 d\u00e9montrer, la p\u00e9nurie d\u2019ing\u00e9nieurs sur le march\u00e9 de l\u2019emploi reste encore et toujours un probl\u00e8me pour de nombreuses entreprises. C\u2019est avec cette \u00e9vidence en t\u00eate que nos \u00e9quipes d\u00e9di\u00e9es aux m\u00e9tiers de l\u2019Engineering couvrent les fonctions destin\u00e9es aux jeunes dipl\u00f4m\u00e9.es, aux personnes exp\u00e9riment\u00e9es ou encore les fonctions manag\u00e9riales.Nos collaborateurs &hellip; Continuer la lecture de &laquo;&nbsp;Engineering&nbsp;&raquo;","og_url":"https:\/\/jeffersonwells.be\/fr\/solutions\/engineering\/","og_site_name":"Jefferson Wells","article_modified_time":"2020-12-21T23:48:24+00:00","twitter_card":"summary_large_image","twitter_misc":{"Dur\u00e9e de lecture estim\u00e9e":"2 minutes"},"schema":{"@context":"https:\/\/schema.org","@graph":[{"@type":"WebPage","@id":"https:\/\/jeffersonwells.be\/fr\/solutions\/engineering\/","url":"https:\/\/jeffersonwells.be\/fr\/solutions\/engineering\/","name":"Engineering - Jefferson Wells","isPartOf":{"@id":"https:\/\/jeffersonwells.be\/nl\/#website"},"datePublished":"2020-10-08T17:21:17+00:00","dateModified":"2020-12-21T23:48:24+00:00","breadcrumb":{"@id":"https:\/\/jeffersonwells.be\/fr\/solutions\/engineering\/#breadcrumb"},"inLanguage":"fr-FR","potentialAction":[{"@type":"ReadAction","target":["https:\/\/jeffersonwells.be\/fr\/solutions\/engineering\/"]}]},{"@type":"BreadcrumbList","@id":"https:\/\/jeffersonwells.be\/fr\/solutions\/engineering\/#breadcrumb","itemListElement":[{"@type":"ListItem","position":1,"name":"Solutions","item":"https:\/\/jeffersonwells.be\/fr\/solutions\/"},{"@type":"ListItem","position":2,"name":"Engineering"}]},{"@type":"WebSite","@id":"https:\/\/jeffersonwells.be\/nl\/#website","url":"https:\/\/jeffersonwells.be\/nl\/","name":"Jefferson Wells","description":"","publisher":{"@id":"https:\/\/jeffersonwells.be\/nl\/#organization"},"potentialAction":[{"@type":"SearchAction","target":{"@type":"EntryPoint","urlTemplate":"https:\/\/jeffersonwells.be\/nl\/?s={search_term_string}"},"query-input":{"@type":"PropertyValueSpecification","valueRequired":true,"valueName":"search_term_string"}}],"inLanguage":"fr-FR"},{"@type":"Organization","@id":"https:\/\/jeffersonwells.be\/nl\/#organization","name":"Jefferson Wells","url":"https:\/\/jeffersonwells.be\/nl\/","logo":{"@type":"ImageObject","inLanguage":"fr-FR","@id":"https:\/\/jeffersonwells.be\/nl\/#\/schema\/logo\/image\/","url":"https:\/\/jeffersonwells.be\/wp-content\/uploads\/2020\/09\/cropped-logo-Jeffersonwells.png","contentUrl":"https:\/\/jeffersonwells.be\/wp-content\/uploads\/2020\/09\/cropped-logo-Jeffersonwells.png","width":240,"height":47,"caption":"Jefferson Wells"},"image":{"@id":"https:\/\/jeffersonwells.be\/nl\/#\/schema\/logo\/image\/"}}]}},"_links":{"self":[{"href":"https:\/\/jeffersonwells.be\/fr\/wp-json\/wp\/v2\/pages\/7011722","targetHints":{"allow":["GET"]}}],"collection":[{"href":"https:\/\/jeffersonwells.be\/fr\/wp-json\/wp\/v2\/pages"}],"about":[{"href":"https:\/\/jeffersonwells.be\/fr\/wp-json\/wp\/v2\/types\/page"}],"author":[{"embeddable":true,"href":"https:\/\/jeffersonwells.be\/fr\/wp-json\/wp\/v2\/users\/40"}],"replies":[{"embeddable":true,"href":"https:\/\/jeffersonwells.be\/fr\/wp-json\/wp\/v2\/comments?post=7011722"}],"version-history":[{"count":11,"href":"https:\/\/jeffersonwells.be\/fr\/wp-json\/wp\/v2\/pages\/7011722\/revisions"}],"predecessor-version":[{"id":7013694,"href":"https:\/\/jeffersonwells.be\/fr\/wp-json\/wp\/v2\/pages\/7011722\/revisions\/7013694"}],"up":[{"embeddable":true,"href":"https:\/\/jeffersonwells.be\/fr\/wp-json\/wp\/v2\/pages\/7011709"}],"wp:attachment":[{"href":"https:\/\/jeffersonwells.be\/fr\/wp-json\/wp\/v2\/media?parent=7011722"}],"curies":[{"name":"wp","href":"https:\/\/api.w.org\/{rel}","templated":true}]}}