
{"id":7011725,"date":"2020-10-08T18:31:56","date_gmt":"2020-10-08T18:31:56","guid":{"rendered":"https:\/\/jeffersonwells.be\/?page_id=7011725"},"modified":"2021-09-23T10:17:45","modified_gmt":"2021-09-23T10:17:45","slug":"life-science","status":"publish","type":"page","link":"https:\/\/jeffersonwells.be\/fr\/solutions\/life-science\/","title":{"rendered":"Life Science"},"content":{"rendered":"\t\t<div data-elementor-type=\"wp-page\" data-elementor-id=\"7011725\" class=\"elementor elementor-7011725 elementor-7011408\" data-elementor-post-type=\"page\">\n\t\t\t\t\t\t<section class=\"elementor-section elementor-top-section elementor-element elementor-element-e60b5d7 elementor-section-stretched elementor-section-boxed elementor-section-height-default elementor-section-height-default\" data-id=\"e60b5d7\" data-element_type=\"section\" data-e-type=\"section\" data-settings=\"{&quot;stretch_section&quot;:&quot;section-stretched&quot;,&quot;background_background&quot;:&quot;classic&quot;,&quot;animation&quot;:&quot;none&quot;}\">\n\t\t\t\t\t\t\t<div class=\"elementor-background-overlay\"><\/div>\n\t\t\t\t\t\t\t<div class=\"elementor-container elementor-column-gap-default\">\n\t\t\t\t\t<div class=\"elementor-column elementor-col-50 elementor-top-column elementor-element elementor-element-e84446c Home-section1-Text-gauche\" data-id=\"e84446c\" data-element_type=\"column\" data-e-type=\"column\" data-settings=\"{&quot;background_background&quot;:&quot;classic&quot;,&quot;animation&quot;:&quot;none&quot;}\">\n\t\t\t<div class=\"elementor-widget-wrap elementor-element-populated\">\n\t\t\t\t\t\t<div class=\"elementor-element elementor-element-dab57fa elementor-widget elementor-widget-text-editor\" data-id=\"dab57fa\" data-element_type=\"widget\" data-e-type=\"widget\" data-widget_type=\"text-editor.default\">\n\t\t\t\t<div class=\"elementor-widget-container\">\n\t\t\t\t\t\t\t\t\t<h1><span style=\"color: #386097;\">Life and Science<\/span><\/h1>\t\t\t\t\t\t\t\t<\/div>\n\t\t\t\t<\/div>\n\t\t\t\t\t<\/div>\n\t\t<\/div>\n\t\t\t\t<div class=\"elementor-column elementor-col-50 elementor-top-column elementor-element elementor-element-8794d96 Home-section1-Text-droite\" data-id=\"8794d96\" data-element_type=\"column\" data-e-type=\"column\" data-settings=\"{&quot;background_background&quot;:&quot;classic&quot;,&quot;animation&quot;:&quot;none&quot;}\">\n\t\t\t<div class=\"elementor-widget-wrap elementor-element-populated\">\n\t\t\t\t\t\t\t<\/div>\n\t\t<\/div>\n\t\t\t\t\t<\/div>\n\t\t<\/section>\n\t\t\t\t<section class=\"elementor-section elementor-top-section elementor-element elementor-element-1a362522 elementor-section-boxed elementor-section-height-default elementor-section-height-default\" data-id=\"1a362522\" data-element_type=\"section\" data-e-type=\"section\" data-settings=\"{&quot;background_background&quot;:&quot;classic&quot;}\">\n\t\t\t\t\t\t<div class=\"elementor-container elementor-column-gap-default\">\n\t\t\t\t\t<div class=\"elementor-column elementor-col-100 elementor-top-column elementor-element elementor-element-3460fda0\" data-id=\"3460fda0\" data-element_type=\"column\" data-e-type=\"column\">\n\t\t\t<div class=\"elementor-widget-wrap elementor-element-populated\">\n\t\t\t\t\t\t<div class=\"elementor-element elementor-element-2f257459 elementor-widget elementor-widget-text-editor\" data-id=\"2f257459\" data-element_type=\"widget\" data-e-type=\"widget\" data-widget_type=\"text-editor.default\">\n\t\t\t\t<div class=\"elementor-widget-container\">\n\t\t\t\t\t\t\t\t\t<p>La pand\u00e9mie du COVID 19 nous as d\u00e9montr\u00e9 \u00e0 quel point les m\u00e9tiers des sciences de la vie et des sciences chimiques sont indispensables \u00e0 nos soci\u00e9t\u00e9s modernes.<\/p><p>C\u2019est pourquoi, au sein de Jefferson Wells, nous nous engageons \u00e0 soutenir votre entreprise dans la recherche des talents n\u00e9cessaires \u00e0 votre croissance.<\/p><p>Gr\u00e2ce aux formations internes &amp; externes, nous sommes form\u00e9s aux techniques des m\u00e9tiers Life Sciences et aux normes r\u00e9gissant <b>les soci\u00e9t\u00e9s pharmaceutiques (<\/b><b>GMP<\/b><b>), les biotechnologies, l\u2019agroalimentaire<\/b> <b>et la chimie.<\/b><\/p><p>Nos collaborateurs sont r\u00e9partis par r\u00e9gion afin de pouvoir r\u00e9pondre aux attentes de nos candidat(e)s et de nos partenaires.<\/p><p>De plus, nos 80 consultant.e.s sur site apportent \u00e0 nos clients r\u00e9partis sur l\u2019ensemble du territoire national, une expertise sp\u00e9cifique pour les aider \u00e0 am\u00e9liorer leurs performances et ainsi atteindre leurs objectifs en termes de <b>Qualit\u00e9, de production, d\u2019ing\u00e9nierie, d\u2019innovation et de logistique.<\/b><\/p><p>Nous couvrons aussi bien les fonctions d\u00e9di\u00e9es aux personnes entamant leur carri\u00e8re que des fonctions manag\u00e9riales ou exp\u00e9riment\u00e9es.<\/p><p><u>Nous couvrons donc un \u00e9ventail de profils tr\u00e8s large \u00e0 savoir\u00a0:<br \/><\/u>-Support (QA, QC, QP, CSV, Regulatory Affairs, Qualification &amp; Validation)<br \/>-Laboratoire (technologue, technicien(ne), superviseur\/responsable,)<br \/>-Production (process, gestion de production, management, gestion de projet)<br \/>-R&amp;D (d\u00e9veloppement de m\u00e9thode analytique, scientist)<br \/>-Engineering (process,maintenance, construction, lean, clean et black utilities, \u00e9lectricit\u00e9 , automation avec exp\u00e9rience requise dans le domaine pharmaceutique ou agroalimentaire ou chimie)<br \/>-Technico-commercial<br \/>-Logistique<br \/>-Packaging<\/p><div style=\"text-align: center;\"><a href=\"https:\/\/www.youtube.com\/watch?v=oqF7whdrua8\" target=\"_blank\" rel=\"noopener\"><img fetchpriority=\"high\" decoding=\"async\" class=\"aligncenter wp-image-7032789 size-vp_sm\" src=\"https:\/\/jeffersonwells.be\/wp-content\/uploads\/2021\/09\/Jefferson-Wells-Belgique-change-request-video-Life-Sciences-sous-titres-FR-et-sans-sous-titres-500x259.png\" alt=\"\" width=\"500\" height=\"259\" srcset=\"https:\/\/jeffersonwells.be\/wp-content\/uploads\/2021\/09\/Jefferson-Wells-Belgique-change-request-video-Life-Sciences-sous-titres-FR-et-sans-sous-titres-500x259.png 500w, https:\/\/jeffersonwells.be\/wp-content\/uploads\/2021\/09\/Jefferson-Wells-Belgique-change-request-video-Life-Sciences-sous-titres-FR-et-sans-sous-titres-300x155.png 300w, https:\/\/jeffersonwells.be\/wp-content\/uploads\/2021\/09\/Jefferson-Wells-Belgique-change-request-video-Life-Sciences-sous-titres-FR-et-sans-sous-titres.png 694w\" sizes=\"(max-width: 500px) 85vw, 500px\" \/><\/a><\/div>\t\t\t\t\t\t\t\t<\/div>\n\t\t\t\t<\/div>\n\t\t\t\t\t<\/div>\n\t\t<\/div>\n\t\t\t\t\t<\/div>\n\t\t<\/section>\n\t\t\t\t<section class=\"elementor-section elementor-top-section elementor-element elementor-element-4fb1405 elementor-section-stretched elementor-section-boxed elementor-section-height-default elementor-section-height-default\" data-id=\"4fb1405\" data-element_type=\"section\" data-e-type=\"section\" data-settings=\"{&quot;stretch_section&quot;:&quot;section-stretched&quot;}\">\n\t\t\t\t\t\t<div class=\"elementor-container elementor-column-gap-default\">\n\t\t\t\t\t<div class=\"elementor-column elementor-col-100 elementor-top-column elementor-element elementor-element-4f430f7\" data-id=\"4f430f7\" data-element_type=\"column\" data-e-type=\"column\">\n\t\t\t<div class=\"elementor-widget-wrap elementor-element-populated\">\n\t\t\t\t\t\t<div class=\"elementor-element elementor-element-e2685bc elementor-widget elementor-widget-image\" data-id=\"e2685bc\" data-element_type=\"widget\" data-e-type=\"widget\" data-widget_type=\"image.default\">\n\t\t\t\t<div class=\"elementor-widget-container\">\n\t\t\t\t\t\t\t\t\t\t\t\t\t\t\t<img decoding=\"async\" width=\"617\" height=\"358\" src=\"https:\/\/jeffersonwells.be\/wp-content\/uploads\/2020\/10\/life-science.png\" class=\"attachment-large size-large wp-image-7011727\" alt=\"\" srcset=\"https:\/\/jeffersonwells.be\/wp-content\/uploads\/2020\/10\/life-science.png 617w, https:\/\/jeffersonwells.be\/wp-content\/uploads\/2020\/10\/life-science-300x174.png 300w\" sizes=\"(max-width: 617px) 85vw, 617px\" loading=\"eager\" \/>\t\t\t\t\t\t\t\t\t\t\t\t\t\t\t<\/div>\n\t\t\t\t<\/div>\n\t\t\t\t\t<\/div>\n\t\t<\/div>\n\t\t\t\t\t<\/div>\n\t\t<\/section>\n\t\t\t\t<\/div>\n\t\t","protected":false},"excerpt":{"rendered":"<p>Life and Science La pand\u00e9mie du COVID 19 nous as d\u00e9montr\u00e9 \u00e0 quel point les m\u00e9tiers des sciences de la vie et des sciences chimiques sont indispensables \u00e0 nos soci\u00e9t\u00e9s modernes. C\u2019est pourquoi, au sein de Jefferson Wells, nous nous engageons \u00e0 soutenir votre entreprise dans la recherche des talents n\u00e9cessaires \u00e0 votre croissance. Gr\u00e2ce &hellip; <a href=\"https:\/\/jeffersonwells.be\/fr\/solutions\/life-science\/\" class=\"more-link\">Continuer la lecture<span class=\"screen-reader-text\"> de &laquo;&nbsp;Life Science&nbsp;&raquo;<\/span><\/a><\/p>\n","protected":false},"author":40,"featured_media":0,"parent":7011709,"menu_order":0,"comment_status":"closed","ping_status":"closed","template":"elementor_header_footer","meta":{"_vp_format_video_url":"","_vp_image_focal_point":[],"footnotes":""},"class_list":["post-7011725","page","type-page","status-publish","hentry"],"yoast_head":"<!-- This site is optimized with the Yoast SEO plugin v27.4 - https:\/\/yoast.com\/product\/yoast-seo-wordpress\/ -->\n<title>Life Science - Jefferson Wells<\/title>\n<meta name=\"robots\" content=\"index, follow, max-snippet:-1, max-image-preview:large, max-video-preview:-1\" \/>\n<link rel=\"canonical\" href=\"https:\/\/jeffersonwells.be\/fr\/solutions\/life-science\/\" \/>\n<meta property=\"og:locale\" content=\"fr_FR\" \/>\n<meta property=\"og:type\" content=\"article\" \/>\n<meta property=\"og:title\" content=\"Life Science - Jefferson Wells\" \/>\n<meta property=\"og:description\" content=\"Life and Science La pand\u00e9mie du COVID 19 nous as d\u00e9montr\u00e9 \u00e0 quel point les m\u00e9tiers des sciences de la vie et des sciences chimiques sont indispensables \u00e0 nos soci\u00e9t\u00e9s modernes. C\u2019est pourquoi, au sein de Jefferson Wells, nous nous engageons \u00e0 soutenir votre entreprise dans la recherche des talents n\u00e9cessaires \u00e0 votre croissance. Gr\u00e2ce &hellip; Continuer la lecture de &laquo;&nbsp;Life Science&nbsp;&raquo;\" \/>\n<meta property=\"og:url\" content=\"https:\/\/jeffersonwells.be\/fr\/solutions\/life-science\/\" \/>\n<meta property=\"og:site_name\" content=\"Jefferson Wells\" \/>\n<meta property=\"article:modified_time\" content=\"2021-09-23T10:17:45+00:00\" \/>\n<meta property=\"og:image\" content=\"https:\/\/jeffersonwells.be\/wp-content\/uploads\/2021\/09\/Jefferson-Wells-Belgique-change-request-video-Life-Sciences-sous-titres-FR-et-sans-sous-titres-500x259.png\" \/>\n<meta name=\"twitter:card\" content=\"summary_large_image\" \/>\n<meta name=\"twitter:label1\" content=\"Dur\u00e9e de lecture estim\u00e9e\" \/>\n\t<meta name=\"twitter:data1\" content=\"2 minutes\" \/>\n<script type=\"application\/ld+json\" class=\"yoast-schema-graph\">{\"@context\":\"https:\\\/\\\/schema.org\",\"@graph\":[{\"@type\":\"WebPage\",\"@id\":\"https:\\\/\\\/jeffersonwells.be\\\/fr\\\/solutions\\\/life-science\\\/\",\"url\":\"https:\\\/\\\/jeffersonwells.be\\\/fr\\\/solutions\\\/life-science\\\/\",\"name\":\"Life Science - Jefferson Wells\",\"isPartOf\":{\"@id\":\"https:\\\/\\\/jeffersonwells.be\\\/nl\\\/#website\"},\"primaryImageOfPage\":{\"@id\":\"https:\\\/\\\/jeffersonwells.be\\\/fr\\\/solutions\\\/life-science\\\/#primaryimage\"},\"image\":{\"@id\":\"https:\\\/\\\/jeffersonwells.be\\\/fr\\\/solutions\\\/life-science\\\/#primaryimage\"},\"thumbnailUrl\":\"https:\\\/\\\/jeffersonwells.be\\\/wp-content\\\/uploads\\\/2021\\\/09\\\/Jefferson-Wells-Belgique-change-request-video-Life-Sciences-sous-titres-FR-et-sans-sous-titres-500x259.png\",\"datePublished\":\"2020-10-08T18:31:56+00:00\",\"dateModified\":\"2021-09-23T10:17:45+00:00\",\"breadcrumb\":{\"@id\":\"https:\\\/\\\/jeffersonwells.be\\\/fr\\\/solutions\\\/life-science\\\/#breadcrumb\"},\"inLanguage\":\"fr-FR\",\"potentialAction\":[{\"@type\":\"ReadAction\",\"target\":[\"https:\\\/\\\/jeffersonwells.be\\\/fr\\\/solutions\\\/life-science\\\/\"]}]},{\"@type\":\"ImageObject\",\"inLanguage\":\"fr-FR\",\"@id\":\"https:\\\/\\\/jeffersonwells.be\\\/fr\\\/solutions\\\/life-science\\\/#primaryimage\",\"url\":\"https:\\\/\\\/jeffersonwells.be\\\/wp-content\\\/uploads\\\/2021\\\/09\\\/Jefferson-Wells-Belgique-change-request-video-Life-Sciences-sous-titres-FR-et-sans-sous-titres-500x259.png\",\"contentUrl\":\"https:\\\/\\\/jeffersonwells.be\\\/wp-content\\\/uploads\\\/2021\\\/09\\\/Jefferson-Wells-Belgique-change-request-video-Life-Sciences-sous-titres-FR-et-sans-sous-titres-500x259.png\"},{\"@type\":\"BreadcrumbList\",\"@id\":\"https:\\\/\\\/jeffersonwells.be\\\/fr\\\/solutions\\\/life-science\\\/#breadcrumb\",\"itemListElement\":[{\"@type\":\"ListItem\",\"position\":1,\"name\":\"Solutions\",\"item\":\"https:\\\/\\\/jeffersonwells.be\\\/fr\\\/solutions\\\/\"},{\"@type\":\"ListItem\",\"position\":2,\"name\":\"Life Science\"}]},{\"@type\":\"WebSite\",\"@id\":\"https:\\\/\\\/jeffersonwells.be\\\/nl\\\/#website\",\"url\":\"https:\\\/\\\/jeffersonwells.be\\\/nl\\\/\",\"name\":\"Jefferson Wells\",\"description\":\"\",\"publisher\":{\"@id\":\"https:\\\/\\\/jeffersonwells.be\\\/nl\\\/#organization\"},\"potentialAction\":[{\"@type\":\"SearchAction\",\"target\":{\"@type\":\"EntryPoint\",\"urlTemplate\":\"https:\\\/\\\/jeffersonwells.be\\\/nl\\\/?s={search_term_string}\"},\"query-input\":{\"@type\":\"PropertyValueSpecification\",\"valueRequired\":true,\"valueName\":\"search_term_string\"}}],\"inLanguage\":\"fr-FR\"},{\"@type\":\"Organization\",\"@id\":\"https:\\\/\\\/jeffersonwells.be\\\/nl\\\/#organization\",\"name\":\"Jefferson Wells\",\"url\":\"https:\\\/\\\/jeffersonwells.be\\\/nl\\\/\",\"logo\":{\"@type\":\"ImageObject\",\"inLanguage\":\"fr-FR\",\"@id\":\"https:\\\/\\\/jeffersonwells.be\\\/nl\\\/#\\\/schema\\\/logo\\\/image\\\/\",\"url\":\"https:\\\/\\\/jeffersonwells.be\\\/wp-content\\\/uploads\\\/2020\\\/09\\\/cropped-logo-Jeffersonwells.png\",\"contentUrl\":\"https:\\\/\\\/jeffersonwells.be\\\/wp-content\\\/uploads\\\/2020\\\/09\\\/cropped-logo-Jeffersonwells.png\",\"width\":240,\"height\":47,\"caption\":\"Jefferson Wells\"},\"image\":{\"@id\":\"https:\\\/\\\/jeffersonwells.be\\\/nl\\\/#\\\/schema\\\/logo\\\/image\\\/\"}}]}<\/script>\n<!-- \/ Yoast SEO plugin. -->","yoast_head_json":{"title":"Life Science - Jefferson Wells","robots":{"index":"index","follow":"follow","max-snippet":"max-snippet:-1","max-image-preview":"max-image-preview:large","max-video-preview":"max-video-preview:-1"},"canonical":"https:\/\/jeffersonwells.be\/fr\/solutions\/life-science\/","og_locale":"fr_FR","og_type":"article","og_title":"Life Science - Jefferson Wells","og_description":"Life and Science La pand\u00e9mie du COVID 19 nous as d\u00e9montr\u00e9 \u00e0 quel point les m\u00e9tiers des sciences de la vie et des sciences chimiques sont indispensables \u00e0 nos soci\u00e9t\u00e9s modernes. C\u2019est pourquoi, au sein de Jefferson Wells, nous nous engageons \u00e0 soutenir votre entreprise dans la recherche des talents n\u00e9cessaires \u00e0 votre croissance. Gr\u00e2ce &hellip; Continuer la lecture de &laquo;&nbsp;Life Science&nbsp;&raquo;","og_url":"https:\/\/jeffersonwells.be\/fr\/solutions\/life-science\/","og_site_name":"Jefferson Wells","article_modified_time":"2021-09-23T10:17:45+00:00","og_image":[{"url":"https:\/\/jeffersonwells.be\/wp-content\/uploads\/2021\/09\/Jefferson-Wells-Belgique-change-request-video-Life-Sciences-sous-titres-FR-et-sans-sous-titres-500x259.png","type":"","width":"","height":""}],"twitter_card":"summary_large_image","twitter_misc":{"Dur\u00e9e de lecture estim\u00e9e":"2 minutes"},"schema":{"@context":"https:\/\/schema.org","@graph":[{"@type":"WebPage","@id":"https:\/\/jeffersonwells.be\/fr\/solutions\/life-science\/","url":"https:\/\/jeffersonwells.be\/fr\/solutions\/life-science\/","name":"Life Science - Jefferson Wells","isPartOf":{"@id":"https:\/\/jeffersonwells.be\/nl\/#website"},"primaryImageOfPage":{"@id":"https:\/\/jeffersonwells.be\/fr\/solutions\/life-science\/#primaryimage"},"image":{"@id":"https:\/\/jeffersonwells.be\/fr\/solutions\/life-science\/#primaryimage"},"thumbnailUrl":"https:\/\/jeffersonwells.be\/wp-content\/uploads\/2021\/09\/Jefferson-Wells-Belgique-change-request-video-Life-Sciences-sous-titres-FR-et-sans-sous-titres-500x259.png","datePublished":"2020-10-08T18:31:56+00:00","dateModified":"2021-09-23T10:17:45+00:00","breadcrumb":{"@id":"https:\/\/jeffersonwells.be\/fr\/solutions\/life-science\/#breadcrumb"},"inLanguage":"fr-FR","potentialAction":[{"@type":"ReadAction","target":["https:\/\/jeffersonwells.be\/fr\/solutions\/life-science\/"]}]},{"@type":"ImageObject","inLanguage":"fr-FR","@id":"https:\/\/jeffersonwells.be\/fr\/solutions\/life-science\/#primaryimage","url":"https:\/\/jeffersonwells.be\/wp-content\/uploads\/2021\/09\/Jefferson-Wells-Belgique-change-request-video-Life-Sciences-sous-titres-FR-et-sans-sous-titres-500x259.png","contentUrl":"https:\/\/jeffersonwells.be\/wp-content\/uploads\/2021\/09\/Jefferson-Wells-Belgique-change-request-video-Life-Sciences-sous-titres-FR-et-sans-sous-titres-500x259.png"},{"@type":"BreadcrumbList","@id":"https:\/\/jeffersonwells.be\/fr\/solutions\/life-science\/#breadcrumb","itemListElement":[{"@type":"ListItem","position":1,"name":"Solutions","item":"https:\/\/jeffersonwells.be\/fr\/solutions\/"},{"@type":"ListItem","position":2,"name":"Life Science"}]},{"@type":"WebSite","@id":"https:\/\/jeffersonwells.be\/nl\/#website","url":"https:\/\/jeffersonwells.be\/nl\/","name":"Jefferson Wells","description":"","publisher":{"@id":"https:\/\/jeffersonwells.be\/nl\/#organization"},"potentialAction":[{"@type":"SearchAction","target":{"@type":"EntryPoint","urlTemplate":"https:\/\/jeffersonwells.be\/nl\/?s={search_term_string}"},"query-input":{"@type":"PropertyValueSpecification","valueRequired":true,"valueName":"search_term_string"}}],"inLanguage":"fr-FR"},{"@type":"Organization","@id":"https:\/\/jeffersonwells.be\/nl\/#organization","name":"Jefferson Wells","url":"https:\/\/jeffersonwells.be\/nl\/","logo":{"@type":"ImageObject","inLanguage":"fr-FR","@id":"https:\/\/jeffersonwells.be\/nl\/#\/schema\/logo\/image\/","url":"https:\/\/jeffersonwells.be\/wp-content\/uploads\/2020\/09\/cropped-logo-Jeffersonwells.png","contentUrl":"https:\/\/jeffersonwells.be\/wp-content\/uploads\/2020\/09\/cropped-logo-Jeffersonwells.png","width":240,"height":47,"caption":"Jefferson Wells"},"image":{"@id":"https:\/\/jeffersonwells.be\/nl\/#\/schema\/logo\/image\/"}}]}},"_links":{"self":[{"href":"https:\/\/jeffersonwells.be\/fr\/wp-json\/wp\/v2\/pages\/7011725","targetHints":{"allow":["GET"]}}],"collection":[{"href":"https:\/\/jeffersonwells.be\/fr\/wp-json\/wp\/v2\/pages"}],"about":[{"href":"https:\/\/jeffersonwells.be\/fr\/wp-json\/wp\/v2\/types\/page"}],"author":[{"embeddable":true,"href":"https:\/\/jeffersonwells.be\/fr\/wp-json\/wp\/v2\/users\/40"}],"replies":[{"embeddable":true,"href":"https:\/\/jeffersonwells.be\/fr\/wp-json\/wp\/v2\/comments?post=7011725"}],"version-history":[{"count":21,"href":"https:\/\/jeffersonwells.be\/fr\/wp-json\/wp\/v2\/pages\/7011725\/revisions"}],"predecessor-version":[{"id":7032808,"href":"https:\/\/jeffersonwells.be\/fr\/wp-json\/wp\/v2\/pages\/7011725\/revisions\/7032808"}],"up":[{"embeddable":true,"href":"https:\/\/jeffersonwells.be\/fr\/wp-json\/wp\/v2\/pages\/7011709"}],"wp:attachment":[{"href":"https:\/\/jeffersonwells.be\/fr\/wp-json\/wp\/v2\/media?parent=7011725"}],"curies":[{"name":"wp","href":"https:\/\/api.w.org\/{rel}","templated":true}]}}