
{"id":7011735,"date":"2020-07-17T12:02:57","date_gmt":"2020-07-17T12:02:57","guid":{"rendered":"https:\/\/jeffersonwells.be\/?page_id=7011735"},"modified":"2021-01-11T09:48:58","modified_gmt":"2021-01-11T09:48:58","slug":"travailler-pour-jefferson-wells","status":"publish","type":"page","link":"https:\/\/jeffersonwells.be\/fr\/travailler-pour-jefferson-wells\/","title":{"rendered":"Travailler pour Jefferson Wells"},"content":{"rendered":"\t\t<div data-elementor-type=\"wp-page\" data-elementor-id=\"7011735\" class=\"elementor elementor-7011735 elementor-6970936\" data-elementor-post-type=\"page\">\n\t\t\t\t\t\t<section class=\"elementor-section elementor-top-section elementor-element elementor-element-60d2637 elementor-section-stretched elementor-section-height-min-height elementor-section-boxed elementor-section-height-default elementor-section-items-middle\" data-id=\"60d2637\" data-element_type=\"section\" data-e-type=\"section\" id=\"banner-working-w-JW\" data-settings=\"{&quot;stretch_section&quot;:&quot;section-stretched&quot;,&quot;background_background&quot;:&quot;classic&quot;}\">\n\t\t\t\t\t\t<div class=\"elementor-container elementor-column-gap-default\">\n\t\t\t\t\t<div class=\"elementor-column elementor-col-100 elementor-top-column elementor-element elementor-element-f501b38 skewed-container\" data-id=\"f501b38\" data-element_type=\"column\" data-e-type=\"column\">\n\t\t\t<div class=\"elementor-widget-wrap elementor-element-populated\">\n\t\t\t\t\t\t<section class=\"elementor-section elementor-inner-section elementor-element elementor-element-e123b0f skewed-rectangle elementor-section-height-min-height elementor-section-boxed elementor-section-height-default\" data-id=\"e123b0f\" data-element_type=\"section\" data-e-type=\"section\" data-settings=\"{&quot;background_background&quot;:&quot;classic&quot;}\">\n\t\t\t\t\t\t<div class=\"elementor-container elementor-column-gap-no\">\n\t\t\t\t\t<div class=\"elementor-column elementor-col-50 elementor-inner-column elementor-element elementor-element-8426643\" data-id=\"8426643\" data-element_type=\"column\" data-e-type=\"column\">\n\t\t\t<div class=\"elementor-widget-wrap\">\n\t\t\t\t\t\t\t<\/div>\n\t\t<\/div>\n\t\t\t\t<div class=\"elementor-column elementor-col-50 elementor-inner-column elementor-element elementor-element-7b6e7d7\" data-id=\"7b6e7d7\" data-element_type=\"column\" data-e-type=\"column\">\n\t\t\t<div class=\"elementor-widget-wrap\">\n\t\t\t\t\t\t\t<\/div>\n\t\t<\/div>\n\t\t\t\t\t<\/div>\n\t\t<\/section>\n\t\t\t\t<section class=\"elementor-section elementor-inner-section elementor-element elementor-element-5cbb799 elementor-section-height-min-height elementor-section-boxed elementor-section-height-default\" data-id=\"5cbb799\" data-element_type=\"section\" data-e-type=\"section\" id=\"banner-working-w-JW-text\">\n\t\t\t\t\t\t<div class=\"elementor-container elementor-column-gap-default\">\n\t\t\t\t\t<div class=\"elementor-column elementor-col-50 elementor-inner-column elementor-element elementor-element-3f9c3cd HomeText\" data-id=\"3f9c3cd\" data-element_type=\"column\" data-e-type=\"column\">\n\t\t\t<div class=\"elementor-widget-wrap elementor-element-populated\">\n\t\t\t\t\t\t<div class=\"elementor-element elementor-element-9dbccce elementor-widget elementor-widget-text-editor\" data-id=\"9dbccce\" data-element_type=\"widget\" data-e-type=\"widget\" data-widget_type=\"text-editor.default\">\n\t\t\t\t<div class=\"elementor-widget-container\">\n\t\t\t\t\t\t\t\t\t<h2><span style=\"color: #ffffff;\">Travailler pour Jefferson Wells<\/span><\/h2>\n<span style=\"color: #ffffff;\">Nous nous effor\u00e7ons de faire correspondre les besoins et attentes des talents aux opportunit\u00e9s des meilleurs entreprises du march\u00e9 afin de d\u00e9bloquer et acc\u00e9lerer votre carri\u00e8re.\nNous vous offrirons des opportunit\u00e9s sur mesure via diff\u00e9rentes solutions\u00a0:\n<ul>\n \t<li>Recrutement permanent chez nos partenaires<\/li>\n \t<li>Interim et consultance<\/li>\n \t<li>Project solutions<\/li>\n<\/ul><\/span>\t\t\t\t\t\t\t\t<\/div>\n\t\t\t\t<\/div>\n\t\t\t\t\t<\/div>\n\t\t<\/div>\n\t\t\t\t<div class=\"elementor-column elementor-col-50 elementor-inner-column elementor-element elementor-element-ebbafe8\" data-id=\"ebbafe8\" data-element_type=\"column\" data-e-type=\"column\">\n\t\t\t<div class=\"elementor-widget-wrap\">\n\t\t\t\t\t\t\t<\/div>\n\t\t<\/div>\n\t\t\t\t\t<\/div>\n\t\t<\/section>\n\t\t\t\t\t<\/div>\n\t\t<\/div>\n\t\t\t\t\t<\/div>\n\t\t<\/section>\n\t\t\t\t<section class=\"elementor-section elementor-top-section elementor-element elementor-element-e0aa1d3 elementor-section-stretched elementor-section-boxed elementor-section-height-default elementor-section-height-default\" data-id=\"e0aa1d3\" data-element_type=\"section\" data-e-type=\"section\" data-settings=\"{&quot;stretch_section&quot;:&quot;section-stretched&quot;,&quot;background_background&quot;:&quot;classic&quot;}\">\n\t\t\t\t\t\t\t<div class=\"elementor-background-overlay\"><\/div>\n\t\t\t\t\t\t\t<div class=\"elementor-container elementor-column-gap-default\">\n\t\t\t\t\t<div class=\"elementor-column elementor-col-50 elementor-top-column elementor-element elementor-element-25b2851\" data-id=\"25b2851\" data-element_type=\"column\" data-e-type=\"column\">\n\t\t\t<div class=\"elementor-widget-wrap elementor-element-populated\">\n\t\t\t\t\t\t<div class=\"elementor-element elementor-element-6edccb5 elementor-widget elementor-widget-text-editor\" data-id=\"6edccb5\" data-element_type=\"widget\" data-e-type=\"widget\" data-widget_type=\"text-editor.default\">\n\t\t\t\t<div class=\"elementor-widget-container\">\n\t\t\t\t\t\t\t\t\t<h2 style=\"color: #31598f;\">D\u00e9velopppez-vous avec<br \/>Jefferson Wells<\/h2><p><span style=\"color: #9d9ea1;\"><br \/>Ce sont nos talents qui d\u00e9finissent le succ\u00e8s de Jefferson Wells et nous reconnaissons nos collaborateurs comme \u00e9tant le principal atout de notre organisation. C\u2019est pourquoi notre management et nos \u00e9quipes mettent toute leur \u00e9nergie \u00e0 d\u00e9velopper leurs comp\u00e9tences afin de r\u00e9pondre \u00e0 leurs attentes personnelles et professionnelles.<br \/><\/span><\/p>\t\t\t\t\t\t\t\t<\/div>\n\t\t\t\t<\/div>\n\t\t\t\t\t<\/div>\n\t\t<\/div>\n\t\t\t\t<div class=\"elementor-column elementor-col-50 elementor-top-column elementor-element elementor-element-5f92183\" data-id=\"5f92183\" data-element_type=\"column\" data-e-type=\"column\">\n\t\t\t<div class=\"elementor-widget-wrap elementor-element-populated\">\n\t\t\t\t\t\t\t<\/div>\n\t\t<\/div>\n\t\t\t\t\t<\/div>\n\t\t<\/section>\n\t\t\t\t<section class=\"elementor-section elementor-top-section elementor-element elementor-element-4cff7f5 elementor-section-stretched colorWhite elementor-section-boxed elementor-section-height-default elementor-section-height-default\" data-id=\"4cff7f5\" data-element_type=\"section\" data-e-type=\"section\" id=\"Section2-noir\" data-settings=\"{&quot;stretch_section&quot;:&quot;section-stretched&quot;,&quot;background_background&quot;:&quot;classic&quot;}\">\n\t\t\t\t\t\t<div class=\"elementor-container elementor-column-gap-default\">\n\t\t\t\t\t<div class=\"elementor-column elementor-col-100 elementor-top-column elementor-element elementor-element-247fd29\" data-id=\"247fd29\" data-element_type=\"column\" data-e-type=\"column\">\n\t\t\t<div class=\"elementor-widget-wrap elementor-element-populated\">\n\t\t\t\t\t\t<div class=\"elementor-element elementor-element-3077d39 elementor-widget elementor-widget-text-editor\" data-id=\"3077d39\" data-element_type=\"widget\" data-e-type=\"widget\" data-widget_type=\"text-editor.default\">\n\t\t\t\t<div class=\"elementor-widget-container\">\n\t\t\t\t\t\t\t\t\t<h2 style=\"text-align: center;\">Culture, opportunit\u00e9 &amp; d\u00e9veloppement<\/h2><p style=\"text-align: center;\">En pla\u00e7ant nos talents comme \u00e9l\u00e9ment central de notre organisation, il va de soi que leurs d\u00e9veloppements rel\u00e8vent de la plus haute importance. Notre organisation est centr\u00e9e sur l\u2019attraction mais aussi et surtout sur la r\u00e9tention de nos talents en cr\u00e9ant un environnement propice \u00e0 l\u2019apprenstissage et au d\u00e9veloppement de nouvelles comp\u00e9tences.<\/p>\t\t\t\t\t\t\t\t<\/div>\n\t\t\t\t<\/div>\n\t\t\t\t\t<\/div>\n\t\t<\/div>\n\t\t\t\t\t<\/div>\n\t\t<\/section>\n\t\t\t\t<section class=\"elementor-section elementor-top-section elementor-element elementor-element-9b34807 elementor-section-stretched colorWhite elementor-section-boxed elementor-section-height-default elementor-section-height-default\" data-id=\"9b34807\" data-element_type=\"section\" data-e-type=\"section\" id=\"services\" data-settings=\"{&quot;stretch_section&quot;:&quot;section-stretched&quot;,&quot;background_background&quot;:&quot;classic&quot;}\">\n\t\t\t\t\t\t<div class=\"elementor-container elementor-column-gap-default\">\n\t\t\t\t\t<div class=\"elementor-column elementor-col-100 elementor-top-column elementor-element elementor-element-244f8e6\" data-id=\"244f8e6\" data-element_type=\"column\" data-e-type=\"column\">\n\t\t\t<div class=\"elementor-widget-wrap elementor-element-populated\">\n\t\t\t\t\t\t<section class=\"elementor-section elementor-inner-section elementor-element elementor-element-0948cd6 elementor-section-boxed elementor-section-height-default elementor-section-height-default\" data-id=\"0948cd6\" data-element_type=\"section\" data-e-type=\"section\">\n\t\t\t\t\t\t<div class=\"elementor-container elementor-column-gap-default\">\n\t\t\t\t\t<div class=\"elementor-column elementor-col-100 elementor-inner-column elementor-element elementor-element-42d68cd\" data-id=\"42d68cd\" data-element_type=\"column\" data-e-type=\"column\">\n\t\t\t<div class=\"elementor-widget-wrap elementor-element-populated\">\n\t\t\t\t\t\t<div class=\"elementor-element elementor-element-f1182b7 elementor-widget elementor-widget-text-editor\" data-id=\"f1182b7\" data-element_type=\"widget\" data-e-type=\"widget\" data-widget_type=\"text-editor.default\">\n\t\t\t\t<div class=\"elementor-widget-container\">\n\t\t\t\t\t\t\t\t\t<h2 style=\"text-align: center;\">Rejoignez notre communaut\u00e9s de talent\n<\/h2>\t\t\t\t\t\t\t\t<\/div>\n\t\t\t\t<\/div>\n\t\t\t\t\t<\/div>\n\t\t<\/div>\n\t\t\t\t\t<\/div>\n\t\t<\/section>\n\t\t\t\t<section class=\"elementor-section elementor-inner-section elementor-element elementor-element-2b9eb13 elementor-section-boxed elementor-section-height-default elementor-section-height-default\" data-id=\"2b9eb13\" data-element_type=\"section\" data-e-type=\"section\">\n\t\t\t\t\t\t<div class=\"elementor-container elementor-column-gap-default\">\n\t\t\t\t\t<div class=\"elementor-column elementor-col-100 elementor-inner-column elementor-element elementor-element-9f2c9f4\" data-id=\"9f2c9f4\" data-element_type=\"column\" data-e-type=\"column\">\n\t\t\t<div class=\"elementor-widget-wrap elementor-element-populated\">\n\t\t\t\t\t\t<div class=\"elementor-element elementor-element-5484689 elementor-widget elementor-widget-text-editor\" data-id=\"5484689\" data-element_type=\"widget\" data-e-type=\"widget\" data-widget_type=\"text-editor.default\">\n\t\t\t\t<div class=\"elementor-widget-container\">\n\t\t\t\t\t\t\t\t\t<p style=\"text-align: center;\">\n<div class=\"wpcf7 no-js\" id=\"wpcf7-f3399-o1\" lang=\"en-US\" dir=\"ltr\" data-wpcf7-id=\"3399\">\n<div class=\"screen-reader-response\"><p role=\"status\" aria-live=\"polite\" aria-atomic=\"true\"><\/p> <ul><\/ul><\/div>\n<form action=\"\/fr\/wp-json\/wp\/v2\/pages\/7011735#wpcf7-f3399-o1\" method=\"post\" class=\"wpcf7-form init\" aria-label=\"Contact form\" enctype=\"multipart\/form-data\" novalidate=\"novalidate\" data-status=\"init\">\n<fieldset class=\"hidden-fields-container\"><input type=\"hidden\" name=\"_wpcf7\" value=\"3399\" \/><input type=\"hidden\" name=\"_wpcf7_version\" value=\"6.1.5\" \/><input type=\"hidden\" name=\"_wpcf7_locale\" value=\"en_US\" \/><input type=\"hidden\" name=\"_wpcf7_unit_tag\" value=\"wpcf7-f3399-o1\" \/><input type=\"hidden\" name=\"_wpcf7_container_post\" value=\"0\" \/><input type=\"hidden\" name=\"_wpcf7_posted_data_hash\" value=\"\" \/><input type=\"hidden\" name=\"_wpcf7_recaptcha_response\" value=\"\" \/>\n<\/fieldset>\n<p><label> Pr\u00e9nom *<br \/>\n<span class=\"wpcf7-form-control-wrap\" data-name=\"your-first-name\"><input size=\"40\" maxlength=\"400\" class=\"wpcf7-form-control wpcf7-text wpcf7-validates-as-required\" aria-required=\"true\" aria-invalid=\"false\" value=\"\" type=\"text\" name=\"your-first-name\" \/><\/span> <\/label>\n<\/p>\n<p><label> Nom *<br \/>\n<span class=\"wpcf7-form-control-wrap\" data-name=\"your-name\"><input size=\"40\" maxlength=\"400\" class=\"wpcf7-form-control wpcf7-text wpcf7-validates-as-required\" aria-required=\"true\" aria-invalid=\"false\" value=\"\" type=\"text\" name=\"your-name\" \/><\/span> <\/label>\n<\/p>\n<p><label> Soci\u00e9t\u00e9<br \/>\n<span class=\"wpcf7-form-control-wrap\" data-name=\"your-company\"><input size=\"40\" maxlength=\"400\" class=\"wpcf7-form-control wpcf7-text\" aria-invalid=\"false\" value=\"\" type=\"text\" name=\"your-company\" \/><\/span> <\/label>\n<\/p>\n<p><label> Fonction<br \/>\n<span class=\"wpcf7-form-control-wrap\" data-name=\"your-position\"><input size=\"40\" maxlength=\"400\" class=\"wpcf7-form-control wpcf7-text\" aria-invalid=\"false\" value=\"\" type=\"text\" name=\"your-position\" \/><\/span> <\/label>\n<\/p>\n<p><label> Email *<br \/>\n<span class=\"wpcf7-form-control-wrap\" data-name=\"your-email\"><input size=\"40\" maxlength=\"400\" class=\"wpcf7-form-control wpcf7-email wpcf7-validates-as-required wpcf7-text wpcf7-validates-as-email\" aria-required=\"true\" aria-invalid=\"false\" value=\"\" type=\"email\" name=\"your-email\" \/><\/span> <\/label>\n<\/p>\n<p><label> Votre message *<br \/>\n<span class=\"wpcf7-form-control-wrap\" data-name=\"your-message\"><textarea cols=\"40\" rows=\"10\" maxlength=\"2000\" class=\"wpcf7-form-control wpcf7-textarea wpcf7-validates-as-required\" aria-required=\"true\" aria-invalid=\"false\" name=\"your-message\"><\/textarea><\/span> <\/label>\n<\/p>\n<p><label> T\u00e9l\u00e9charger CV<br \/>\n<span class=\"wpcf7-form-control-wrap\" data-name=\"uplaod-fr\"><input size=\"40\" class=\"wpcf7-form-control wpcf7-file\" accept=\".pdf,.docx\" aria-invalid=\"false\" type=\"file\" name=\"uplaod-fr\" \/><\/span> <\/label>\n<\/p>\n<p><label> O\u00f9 avez-vous entendu parler de Jefferson Wells *<br \/>\n<span class=\"wpcf7-form-control-wrap\" data-name=\"where\"><input size=\"40\" maxlength=\"400\" class=\"wpcf7-form-control wpcf7-text wpcf7-validates-as-required\" aria-required=\"true\" aria-invalid=\"false\" value=\"\" type=\"text\" name=\"where\" \/><\/span> <\/label>\n<\/p>\n<p><label><span class=\"wpcf7-form-control-wrap\" data-name=\"checkbox-693\"><span class=\"wpcf7-form-control wpcf7-checkbox wpcf7-validates-as-required\"><span class=\"wpcf7-list-item first last\"><input type=\"checkbox\" name=\"checkbox-693[]\" value=\"J&#039;accepte le traitement des mes coordonn\u00e9es personnelles.\" \/><span class=\"wpcf7-list-item-label\">J&#039;accepte le traitement des mes coordonn\u00e9es personnelles.<\/span><\/span><\/span><\/span> Pour plus d&rsquo;informations, veuillez consulter notre <a href=\"https:\/\/legalconditions.manpowergroup.be\/regles-relatives-a-la-protection-de-la-vie-privee-des-candidats-dexperis-belgium-sa\/\" target=\"_blank\" style=\"text-transform: lowercase\">politique de confidentialit\u00e9.<\/a> *<br \/>\n<\/label>\n<\/p>\n<span class=\"wpcf7-form-control-wrap recaptcha\" data-name=\"recaptcha\"><span data-sitekey=\"6LclCtoZAAAAAIVAjrttMsxmQQ1pMyq8b1CnIUCg\" class=\"wpcf7-form-control wpcf7-recaptcha g-recaptcha\"><\/span>\r\n<noscript>\r\n\t<div class=\"grecaptcha-noscript\">\r\n\t\t<iframe src=\"https:\/\/www.google.com\/recaptcha\/api\/fallback?k=6LclCtoZAAAAAIVAjrttMsxmQQ1pMyq8b1CnIUCg\" frameborder=\"0\" scrolling=\"no\" width=\"310\" height=\"430\">\r\n\t\t<\/iframe>\r\n\t\t<textarea name=\"g-recaptcha-response\" rows=\"3\" cols=\"40\" placeholder=\"reCaptcha Response Here\">\r\n\t\t<\/textarea>\r\n\t<\/div>\r\n<\/noscript>\r\n<\/span>\n<p><input class=\"wpcf7-form-control wpcf7-submit has-spinner\" type=\"submit\" value=\"Envoyer\" \/>\n<\/p><div class=\"wpcf7-response-output\" aria-hidden=\"true\"><\/div>\n<\/form>\n<\/div>\n<\/p>\t\t\t\t\t\t\t\t<\/div>\n\t\t\t\t<\/div>\n\t\t\t\t\t<\/div>\n\t\t<\/div>\n\t\t\t\t\t<\/div>\n\t\t<\/section>\n\t\t\t\t\t<\/div>\n\t\t<\/div>\n\t\t\t\t\t<\/div>\n\t\t<\/section>\n\t\t\t\t<\/div>\n\t\t","protected":false},"excerpt":{"rendered":"<p>Travailler pour Jefferson Wells Nous nous effor\u00e7ons de faire correspondre les besoins et attentes des talents aux opportunit\u00e9s des meilleurs entreprises du march\u00e9 afin de d\u00e9bloquer et acc\u00e9lerer votre carri\u00e8re. Nous vous offrirons des opportunit\u00e9s sur mesure via diff\u00e9rentes solutions\u00a0: Recrutement permanent chez nos partenaires Interim et consultance Project solutions D\u00e9velopppez-vous avecJefferson Wells Ce sont &hellip; <a href=\"https:\/\/jeffersonwells.be\/fr\/travailler-pour-jefferson-wells\/\" class=\"more-link\">Continuer la lecture<span class=\"screen-reader-text\"> de &laquo;&nbsp;Travailler pour Jefferson Wells&nbsp;&raquo;<\/span><\/a><\/p>\n","protected":false},"author":40,"featured_media":0,"parent":0,"menu_order":0,"comment_status":"closed","ping_status":"closed","template":"elementor_header_footer","meta":{"_vp_format_video_url":"","_vp_image_focal_point":[],"footnotes":""},"class_list":["post-7011735","page","type-page","status-publish","hentry"],"yoast_head":"<!-- This site is optimized with the Yoast SEO plugin v27.4 - https:\/\/yoast.com\/product\/yoast-seo-wordpress\/ -->\n<title>Travailler pour Jefferson Wells - Jefferson Wells<\/title>\n<meta name=\"robots\" content=\"index, follow, max-snippet:-1, max-image-preview:large, max-video-preview:-1\" \/>\n<link rel=\"canonical\" href=\"https:\/\/jeffersonwells.be\/fr\/travailler-pour-jefferson-wells\/\" \/>\n<meta property=\"og:locale\" content=\"fr_FR\" \/>\n<meta property=\"og:type\" content=\"article\" \/>\n<meta property=\"og:title\" content=\"Travailler pour Jefferson Wells - Jefferson Wells\" \/>\n<meta property=\"og:description\" content=\"Travailler pour Jefferson Wells Nous nous effor\u00e7ons de faire correspondre les besoins et attentes des talents aux opportunit\u00e9s des meilleurs entreprises du march\u00e9 afin de d\u00e9bloquer et acc\u00e9lerer votre carri\u00e8re. Nous vous offrirons des opportunit\u00e9s sur mesure via diff\u00e9rentes solutions\u00a0: Recrutement permanent chez nos partenaires Interim et consultance Project solutions D\u00e9velopppez-vous avecJefferson Wells Ce sont &hellip; Continuer la lecture de &laquo;&nbsp;Travailler pour Jefferson Wells&nbsp;&raquo;\" \/>\n<meta property=\"og:url\" content=\"https:\/\/jeffersonwells.be\/fr\/travailler-pour-jefferson-wells\/\" \/>\n<meta property=\"og:site_name\" content=\"Jefferson Wells\" \/>\n<meta property=\"article:modified_time\" content=\"2021-01-11T09:48:58+00:00\" \/>\n<meta name=\"twitter:card\" content=\"summary_large_image\" \/>\n<meta name=\"twitter:label1\" content=\"Dur\u00e9e de lecture estim\u00e9e\" \/>\n\t<meta name=\"twitter:data1\" content=\"1 minute\" \/>\n<script type=\"application\/ld+json\" class=\"yoast-schema-graph\">{\"@context\":\"https:\\\/\\\/schema.org\",\"@graph\":[{\"@type\":\"WebPage\",\"@id\":\"https:\\\/\\\/jeffersonwells.be\\\/fr\\\/travailler-pour-jefferson-wells\\\/\",\"url\":\"https:\\\/\\\/jeffersonwells.be\\\/fr\\\/travailler-pour-jefferson-wells\\\/\",\"name\":\"Travailler pour Jefferson Wells - Jefferson Wells\",\"isPartOf\":{\"@id\":\"https:\\\/\\\/jeffersonwells.be\\\/nl\\\/#website\"},\"datePublished\":\"2020-07-17T12:02:57+00:00\",\"dateModified\":\"2021-01-11T09:48:58+00:00\",\"inLanguage\":\"fr-FR\",\"potentialAction\":[{\"@type\":\"ReadAction\",\"target\":[\"https:\\\/\\\/jeffersonwells.be\\\/fr\\\/travailler-pour-jefferson-wells\\\/\"]}]},{\"@type\":\"WebSite\",\"@id\":\"https:\\\/\\\/jeffersonwells.be\\\/nl\\\/#website\",\"url\":\"https:\\\/\\\/jeffersonwells.be\\\/nl\\\/\",\"name\":\"Jefferson Wells\",\"description\":\"\",\"publisher\":{\"@id\":\"https:\\\/\\\/jeffersonwells.be\\\/nl\\\/#organization\"},\"potentialAction\":[{\"@type\":\"SearchAction\",\"target\":{\"@type\":\"EntryPoint\",\"urlTemplate\":\"https:\\\/\\\/jeffersonwells.be\\\/nl\\\/?s={search_term_string}\"},\"query-input\":{\"@type\":\"PropertyValueSpecification\",\"valueRequired\":true,\"valueName\":\"search_term_string\"}}],\"inLanguage\":\"fr-FR\"},{\"@type\":\"Organization\",\"@id\":\"https:\\\/\\\/jeffersonwells.be\\\/nl\\\/#organization\",\"name\":\"Jefferson Wells\",\"url\":\"https:\\\/\\\/jeffersonwells.be\\\/nl\\\/\",\"logo\":{\"@type\":\"ImageObject\",\"inLanguage\":\"fr-FR\",\"@id\":\"https:\\\/\\\/jeffersonwells.be\\\/nl\\\/#\\\/schema\\\/logo\\\/image\\\/\",\"url\":\"https:\\\/\\\/jeffersonwells.be\\\/wp-content\\\/uploads\\\/2020\\\/09\\\/cropped-logo-Jeffersonwells.png\",\"contentUrl\":\"https:\\\/\\\/jeffersonwells.be\\\/wp-content\\\/uploads\\\/2020\\\/09\\\/cropped-logo-Jeffersonwells.png\",\"width\":240,\"height\":47,\"caption\":\"Jefferson Wells\"},\"image\":{\"@id\":\"https:\\\/\\\/jeffersonwells.be\\\/nl\\\/#\\\/schema\\\/logo\\\/image\\\/\"}}]}<\/script>\n<!-- \/ Yoast SEO plugin. -->","yoast_head_json":{"title":"Travailler pour Jefferson Wells - Jefferson Wells","robots":{"index":"index","follow":"follow","max-snippet":"max-snippet:-1","max-image-preview":"max-image-preview:large","max-video-preview":"max-video-preview:-1"},"canonical":"https:\/\/jeffersonwells.be\/fr\/travailler-pour-jefferson-wells\/","og_locale":"fr_FR","og_type":"article","og_title":"Travailler pour Jefferson Wells - Jefferson Wells","og_description":"Travailler pour Jefferson Wells Nous nous effor\u00e7ons de faire correspondre les besoins et attentes des talents aux opportunit\u00e9s des meilleurs entreprises du march\u00e9 afin de d\u00e9bloquer et acc\u00e9lerer votre carri\u00e8re. Nous vous offrirons des opportunit\u00e9s sur mesure via diff\u00e9rentes solutions\u00a0: Recrutement permanent chez nos partenaires Interim et consultance Project solutions D\u00e9velopppez-vous avecJefferson Wells Ce sont &hellip; Continuer la lecture de &laquo;&nbsp;Travailler pour Jefferson Wells&nbsp;&raquo;","og_url":"https:\/\/jeffersonwells.be\/fr\/travailler-pour-jefferson-wells\/","og_site_name":"Jefferson Wells","article_modified_time":"2021-01-11T09:48:58+00:00","twitter_card":"summary_large_image","twitter_misc":{"Dur\u00e9e de lecture estim\u00e9e":"1 minute"},"schema":{"@context":"https:\/\/schema.org","@graph":[{"@type":"WebPage","@id":"https:\/\/jeffersonwells.be\/fr\/travailler-pour-jefferson-wells\/","url":"https:\/\/jeffersonwells.be\/fr\/travailler-pour-jefferson-wells\/","name":"Travailler pour Jefferson Wells - Jefferson Wells","isPartOf":{"@id":"https:\/\/jeffersonwells.be\/nl\/#website"},"datePublished":"2020-07-17T12:02:57+00:00","dateModified":"2021-01-11T09:48:58+00:00","inLanguage":"fr-FR","potentialAction":[{"@type":"ReadAction","target":["https:\/\/jeffersonwells.be\/fr\/travailler-pour-jefferson-wells\/"]}]},{"@type":"WebSite","@id":"https:\/\/jeffersonwells.be\/nl\/#website","url":"https:\/\/jeffersonwells.be\/nl\/","name":"Jefferson Wells","description":"","publisher":{"@id":"https:\/\/jeffersonwells.be\/nl\/#organization"},"potentialAction":[{"@type":"SearchAction","target":{"@type":"EntryPoint","urlTemplate":"https:\/\/jeffersonwells.be\/nl\/?s={search_term_string}"},"query-input":{"@type":"PropertyValueSpecification","valueRequired":true,"valueName":"search_term_string"}}],"inLanguage":"fr-FR"},{"@type":"Organization","@id":"https:\/\/jeffersonwells.be\/nl\/#organization","name":"Jefferson Wells","url":"https:\/\/jeffersonwells.be\/nl\/","logo":{"@type":"ImageObject","inLanguage":"fr-FR","@id":"https:\/\/jeffersonwells.be\/nl\/#\/schema\/logo\/image\/","url":"https:\/\/jeffersonwells.be\/wp-content\/uploads\/2020\/09\/cropped-logo-Jeffersonwells.png","contentUrl":"https:\/\/jeffersonwells.be\/wp-content\/uploads\/2020\/09\/cropped-logo-Jeffersonwells.png","width":240,"height":47,"caption":"Jefferson Wells"},"image":{"@id":"https:\/\/jeffersonwells.be\/nl\/#\/schema\/logo\/image\/"}}]}},"_links":{"self":[{"href":"https:\/\/jeffersonwells.be\/fr\/wp-json\/wp\/v2\/pages\/7011735","targetHints":{"allow":["GET"]}}],"collection":[{"href":"https:\/\/jeffersonwells.be\/fr\/wp-json\/wp\/v2\/pages"}],"about":[{"href":"https:\/\/jeffersonwells.be\/fr\/wp-json\/wp\/v2\/types\/page"}],"author":[{"embeddable":true,"href":"https:\/\/jeffersonwells.be\/fr\/wp-json\/wp\/v2\/users\/40"}],"replies":[{"embeddable":true,"href":"https:\/\/jeffersonwells.be\/fr\/wp-json\/wp\/v2\/comments?post=7011735"}],"version-history":[{"count":48,"href":"https:\/\/jeffersonwells.be\/fr\/wp-json\/wp\/v2\/pages\/7011735\/revisions"}],"predecessor-version":[{"id":7014136,"href":"https:\/\/jeffersonwells.be\/fr\/wp-json\/wp\/v2\/pages\/7011735\/revisions\/7014136"}],"wp:attachment":[{"href":"https:\/\/jeffersonwells.be\/fr\/wp-json\/wp\/v2\/media?parent=7011735"}],"curies":[{"name":"wp","href":"https:\/\/api.w.org\/{rel}","templated":true}]}}