
{"id":7011761,"date":"2020-10-08T23:12:28","date_gmt":"2020-10-08T23:12:28","guid":{"rendered":"https:\/\/jeffersonwells.be\/?page_id=7011761"},"modified":"2022-04-04T13:07:17","modified_gmt":"2022-04-04T13:07:17","slug":"a-propos-de-nous","status":"publish","type":"page","link":"https:\/\/jeffersonwells.be\/fr\/a-propos-de-nous\/","title":{"rendered":"\u00c0 propos de nous"},"content":{"rendered":"\t\t<div data-elementor-type=\"wp-page\" data-elementor-id=\"7011761\" class=\"elementor elementor-7011761 elementor-7011464\" data-elementor-post-type=\"page\">\n\t\t\t\t\t\t<section class=\"elementor-section elementor-top-section elementor-element elementor-element-1ee7c7f6 elementor-section-stretched elementor-section-boxed elementor-section-height-default elementor-section-height-default\" data-id=\"1ee7c7f6\" data-element_type=\"section\" data-e-type=\"section\" id=\"about-us\" data-settings=\"{&quot;stretch_section&quot;:&quot;section-stretched&quot;,&quot;background_background&quot;:&quot;classic&quot;,&quot;animation&quot;:&quot;none&quot;}\">\n\t\t\t\t\t\t\t<div class=\"elementor-background-overlay\"><\/div>\n\t\t\t\t\t\t\t<div class=\"elementor-container elementor-column-gap-default\">\n\t\t\t\t\t<div class=\"elementor-column elementor-col-66 elementor-top-column elementor-element elementor-element-5098954a about-us-text\" data-id=\"5098954a\" data-element_type=\"column\" data-e-type=\"column\" data-settings=\"{&quot;background_background&quot;:&quot;classic&quot;,&quot;animation&quot;:&quot;none&quot;}\">\n\t\t\t<div class=\"elementor-widget-wrap elementor-element-populated\">\n\t\t\t\t\t\t<div class=\"elementor-element elementor-element-36b0785b elementor-widget elementor-widget-text-editor\" data-id=\"36b0785b\" data-element_type=\"widget\" data-e-type=\"widget\" data-widget_type=\"text-editor.default\">\n\t\t\t\t<div class=\"elementor-widget-container\">\n\t\t\t\t\t\t\t\t\t<h2 style=\"text-align: left;\"><span style=\"color: #386097;\">\u00c0 propos de nous<\/span><\/h2><p>Jefferson Wells vous propose les talents et solutions n\u00e9cessaires pour vous aider \u00e0 g\u00e9rer les d\u00e9fis que vous rencontrez en entreprise dans les domaines de : Engineering, Life Sciences. Notre mission est de d\u00e9livrer un service \u00e0 haute valeur ajout\u00e9e via l\u2019expertise de nos talents et la flexibilit\u00e9 de nos solutions.<br \/>Jefferson Wells offre des talents combinant le niveau d\u2019expertise technique multipli\u00e9 par les comp\u00e9tences et les attitudes n\u00e9cessaires \u00e0 la bonne ex\u00e9cution de la mission. En offrant tous types de services (int\u00e9rim, consultance, recrutement et s\u00e9lection ou encore le mode project), nous aidons nos partenaires \u00e0 \u00eatre performants pour cette \u00e8re digitale.<\/p>\t\t\t\t\t\t\t\t<\/div>\n\t\t\t\t<\/div>\n\t\t\t\t<div class=\"elementor-element elementor-element-ca499bd elementor-widget elementor-widget-button\" data-id=\"ca499bd\" data-element_type=\"widget\" data-e-type=\"widget\" data-widget_type=\"button.default\">\n\t\t\t\t<div class=\"elementor-widget-container\">\n\t\t\t\t\t\t\t\t\t<div class=\"elementor-button-wrapper\">\n\t\t\t\t\t<a class=\"elementor-button elementor-button-link elementor-size-sm\" href=\"\/fr\/contact-us\/\">\n\t\t\t\t\t\t<span class=\"elementor-button-content-wrapper\">\n\t\t\t\t\t\t\t\t\t<span class=\"elementor-button-text\">EN SAVOIR PLUS<\/span>\n\t\t\t\t\t<\/span>\n\t\t\t\t\t<\/a>\n\t\t\t\t<\/div>\n\t\t\t\t\t\t\t\t<\/div>\n\t\t\t\t<\/div>\n\t\t\t\t\t<\/div>\n\t\t<\/div>\n\t\t\t\t<div class=\"elementor-column elementor-col-33 elementor-top-column elementor-element elementor-element-66bbaea4 Home-section1-Text-droite\" data-id=\"66bbaea4\" data-element_type=\"column\" data-e-type=\"column\" data-settings=\"{&quot;background_background&quot;:&quot;classic&quot;,&quot;animation&quot;:&quot;none&quot;}\">\n\t\t\t<div class=\"elementor-widget-wrap elementor-element-populated\">\n\t\t\t\t\t\t\t<\/div>\n\t\t<\/div>\n\t\t\t\t\t<\/div>\n\t\t<\/section>\n\t\t\t\t<section class=\"elementor-section elementor-top-section elementor-element elementor-element-dd16994 elementor-section-stretched colorWhite elementor-section-boxed elementor-section-height-default elementor-section-height-default\" data-id=\"dd16994\" data-element_type=\"section\" data-e-type=\"section\" data-settings=\"{&quot;stretch_section&quot;:&quot;section-stretched&quot;,&quot;background_background&quot;:&quot;classic&quot;}\">\n\t\t\t\t\t\t\t<div class=\"elementor-background-overlay\"><\/div>\n\t\t\t\t\t\t\t<div class=\"elementor-container elementor-column-gap-default\">\n\t\t\t\t\t<div class=\"elementor-column elementor-col-100 elementor-top-column elementor-element elementor-element-57fabe9\" data-id=\"57fabe9\" data-element_type=\"column\" data-e-type=\"column\">\n\t\t\t<div class=\"elementor-widget-wrap elementor-element-populated\">\n\t\t\t\t\t\t<div class=\"elementor-element elementor-element-398a716 elementor-widget elementor-widget-text-editor\" data-id=\"398a716\" data-element_type=\"widget\" data-e-type=\"widget\" data-widget_type=\"text-editor.default\">\n\t\t\t\t<div class=\"elementor-widget-container\">\n\t\t\t\t\t\t\t\t\t<h2 style=\"text-align: center;\">Laissez-nous \u00eatre votre avantage concurrentiel<\/h2><p style=\"text-align: center;\">Transformer les d\u00e9fis en opportunit\u00e9s. Booster les carri\u00e8res. Pousser la croissance des entreprises. Peu d\u2019entreprises peuvent \u00e9galer l\u2019envergure de Jefferson Wells, sa tradition de r\u00e9ussite et sa r\u00e9putation de leader mondial en mati\u00e8re de talents et solutions professionnelles. Nous aidons nos clients et talents gr\u00e2ce \u00e0 notre connaissance approfondie de leur secteur et une approche innovante \u00a0du potentiel humain.<\/p><p style=\"text-align: center;\">Jeffersson Wells acc\u00e9l\u00e8re la croissance de ses clients et la carri\u00e8re de ses candidats. Nous trouvons, \u00e9valuons et pla\u00e7ons les meilleurs experts dans les domaine des Life Sciences, de l\u2019Engineering. Jefferson Wells est une marque sp\u00e9cialis\u00e9e de ManpowerGroup, leader mondial en ressources humaines depuis plus de 70 ans et pionnier reconnu dans le secteur. Voil\u00e0 pourquoi plus de 80 % du \u00ab Fortune Global 500 \u00bb se tournent vers nous pour d\u00e9nicher les talents qui leur permettront de se distinguer.<\/p>\t\t\t\t\t\t\t\t<\/div>\n\t\t\t\t<\/div>\n\t\t\t\t\t<\/div>\n\t\t<\/div>\n\t\t\t\t\t<\/div>\n\t\t<\/section>\n\t\t\t\t<section class=\"elementor-section elementor-top-section elementor-element elementor-element-426f319 elementor-section-stretched colorWhite elementor-section-boxed elementor-section-height-default elementor-section-height-default\" data-id=\"426f319\" data-element_type=\"section\" data-e-type=\"section\" data-settings=\"{&quot;stretch_section&quot;:&quot;section-stretched&quot;,&quot;background_background&quot;:&quot;classic&quot;}\">\n\t\t\t\t\t\t\t<div class=\"elementor-background-overlay\"><\/div>\n\t\t\t\t\t\t\t<div class=\"elementor-container elementor-column-gap-default\">\n\t\t\t\t\t<div class=\"elementor-column elementor-col-100 elementor-top-column elementor-element elementor-element-2868b12\" data-id=\"2868b12\" data-element_type=\"column\" data-e-type=\"column\">\n\t\t\t<div class=\"elementor-widget-wrap elementor-element-populated\">\n\t\t\t\t\t\t<div class=\"elementor-element elementor-element-e7900d1 elementor-widget elementor-widget-text-editor\" data-id=\"e7900d1\" data-element_type=\"widget\" data-e-type=\"widget\" data-widget_type=\"text-editor.default\">\n\t\t\t\t<div class=\"elementor-widget-container\">\n\t\t\t\t\t\t\t\t\t<h2 style=\"text-align: center;\">Notre histoire<\/h2><p style=\"text-align: center;\"><img fetchpriority=\"high\" decoding=\"async\" class=\"alignnone wp-image-7012383\" src=\"https:\/\/jeffersonwells.be\/wp-content\/uploads\/2020\/11\/timelINE_FR-2-1024x554.jpg\" alt=\"\" width=\"1000\" height=\"541\" srcset=\"https:\/\/jeffersonwells.be\/wp-content\/uploads\/2020\/11\/timelINE_FR-2-1024x554.jpg 1024w, https:\/\/jeffersonwells.be\/wp-content\/uploads\/2020\/11\/timelINE_FR-2-300x162.jpg 300w, https:\/\/jeffersonwells.be\/wp-content\/uploads\/2020\/11\/timelINE_FR-2-768x415.jpg 768w, https:\/\/jeffersonwells.be\/wp-content\/uploads\/2020\/11\/timelINE_FR-2-1536x830.jpg 1536w, https:\/\/jeffersonwells.be\/wp-content\/uploads\/2020\/11\/timelINE_FR-2-2048x1107.jpg 2048w, https:\/\/jeffersonwells.be\/wp-content\/uploads\/2020\/11\/timelINE_FR-2-1200x649.jpg 1200w\" sizes=\"(max-width: 709px) 85vw, (max-width: 909px) 67vw, (max-width: 1362px) 62vw, 840px\" \/><\/p>\t\t\t\t\t\t\t\t<\/div>\n\t\t\t\t<\/div>\n\t\t\t\t\t<\/div>\n\t\t<\/div>\n\t\t\t\t\t<\/div>\n\t\t<\/section>\n\t\t\t\t<section class=\"elementor-section elementor-top-section elementor-element elementor-element-e1b6e32 elementor-section-stretched elementor-section-boxed elementor-section-height-default elementor-section-height-default\" data-id=\"e1b6e32\" data-element_type=\"section\" data-e-type=\"section\" data-settings=\"{&quot;stretch_section&quot;:&quot;section-stretched&quot;,&quot;background_background&quot;:&quot;classic&quot;}\">\n\t\t\t\t\t\t<div class=\"elementor-container elementor-column-gap-default\">\n\t\t\t\t\t<div class=\"elementor-column elementor-col-50 elementor-top-column elementor-element elementor-element-d459ff0\" data-id=\"d459ff0\" data-element_type=\"column\" data-e-type=\"column\">\n\t\t\t<div class=\"elementor-widget-wrap elementor-element-populated\">\n\t\t\t\t\t\t<div class=\"elementor-element elementor-element-35520a8 elementor-widget elementor-widget-image\" data-id=\"35520a8\" data-element_type=\"widget\" data-e-type=\"widget\" data-widget_type=\"image.default\">\n\t\t\t\t<div class=\"elementor-widget-container\">\n\t\t\t\t\t\t\t\t\t\t\t\t\t\t\t<img decoding=\"async\" src=\"https:\/\/jeffersonwells.be\/wp-content\/uploads\/elementor\/thumbs\/MPG_BE_Logo_SS_STK_MC_4CP_REG-our53h6jyx7b883xn3olrjzavh6k0wjx6y0h6vz5wg.jpg\" title=\"inc_standard_stacked_process\" alt=\"inc_standard_stacked_process\" loading=\"lazy\" \/>\t\t\t\t\t\t\t\t\t\t\t\t\t\t\t<\/div>\n\t\t\t\t<\/div>\n\t\t\t\t\t<\/div>\n\t\t<\/div>\n\t\t\t\t<div class=\"elementor-column elementor-col-50 elementor-top-column elementor-element elementor-element-9325594\" data-id=\"9325594\" data-element_type=\"column\" data-e-type=\"column\">\n\t\t\t<div class=\"elementor-widget-wrap elementor-element-populated\">\n\t\t\t\t\t\t<div class=\"elementor-element elementor-element-cf639b1 elementor-widget elementor-widget-text-editor\" data-id=\"cf639b1\" data-element_type=\"widget\" data-e-type=\"widget\" data-widget_type=\"text-editor.default\">\n\t\t\t\t<div class=\"elementor-widget-container\">\n\t\t\t\t\t\t\t\t\t<h2>Jefferson Wells fait \u00e0 nouveau partie des maques du ManpowerGroup<\/h2>\nManpowerGroup est le leader Mondial des solution de travail innovantes, connectant les talents aux entreprises. ManpowerGroup travaille aussi bien avec des PME qu\u2019avec de grandes structures internationales et ce dans tous les secteurs. Nous offrons ce large \u00e9vantail de service aux travers des diff\u00e9rentes marques du groupe : Manpower, Jefferson Wells, Experis et Talent Solution.\n<div>\n\n<a href=\"https:\/\/www.manpowergroup.be\" target=\"_blank\" rel=\"noopener\">En savoir plus <div class=\"arrow-icon\" style=\"top: 7px;\"><\/div><\/a>\n\n&nbsp;\n\n<\/div>\t\t\t\t\t\t\t\t<\/div>\n\t\t\t\t<\/div>\n\t\t\t\t\t<\/div>\n\t\t<\/div>\n\t\t\t\t\t<\/div>\n\t\t<\/section>\n\t\t\t\t<\/div>\n\t\t","protected":false},"excerpt":{"rendered":"<p>\u00c0 propos de nous Jefferson Wells vous propose les talents et solutions n\u00e9cessaires pour vous aider \u00e0 g\u00e9rer les d\u00e9fis que vous rencontrez en entreprise dans les domaines de : Engineering, Life Sciences. Notre mission est de d\u00e9livrer un service \u00e0 haute valeur ajout\u00e9e via l\u2019expertise de nos talents et la flexibilit\u00e9 de nos solutions.Jefferson &hellip; <a href=\"https:\/\/jeffersonwells.be\/fr\/a-propos-de-nous\/\" class=\"more-link\">Continuer la lecture<span class=\"screen-reader-text\"> de &laquo;&nbsp;\u00c0 propos de nous&nbsp;&raquo;<\/span><\/a><\/p>\n","protected":false},"author":40,"featured_media":0,"parent":0,"menu_order":0,"comment_status":"closed","ping_status":"closed","template":"elementor_header_footer","meta":{"_vp_format_video_url":"","_vp_image_focal_point":[],"footnotes":""},"class_list":["post-7011761","page","type-page","status-publish","hentry"],"yoast_head":"<!-- This site is optimized with the Yoast SEO plugin v27.4 - https:\/\/yoast.com\/product\/yoast-seo-wordpress\/ -->\n<title>\u00c0 propos de nous - Jefferson Wells<\/title>\n<meta name=\"robots\" content=\"index, follow, max-snippet:-1, max-image-preview:large, max-video-preview:-1\" \/>\n<link rel=\"canonical\" href=\"https:\/\/jeffersonwells.be\/fr\/a-propos-de-nous\/\" \/>\n<meta property=\"og:locale\" content=\"fr_FR\" \/>\n<meta property=\"og:type\" content=\"article\" \/>\n<meta property=\"og:title\" content=\"\u00c0 propos de nous - Jefferson Wells\" \/>\n<meta property=\"og:description\" content=\"\u00c0 propos de nous Jefferson Wells vous propose les talents et solutions n\u00e9cessaires pour vous aider \u00e0 g\u00e9rer les d\u00e9fis que vous rencontrez en entreprise dans les domaines de : Engineering, Life Sciences. Notre mission est de d\u00e9livrer un service \u00e0 haute valeur ajout\u00e9e via l\u2019expertise de nos talents et la flexibilit\u00e9 de nos solutions.Jefferson &hellip; Continuer la lecture de &laquo;&nbsp;\u00c0 propos de nous&nbsp;&raquo;\" \/>\n<meta property=\"og:url\" content=\"https:\/\/jeffersonwells.be\/fr\/a-propos-de-nous\/\" \/>\n<meta property=\"og:site_name\" content=\"Jefferson Wells\" \/>\n<meta property=\"article:modified_time\" content=\"2022-04-04T13:07:17+00:00\" \/>\n<meta property=\"og:image\" content=\"https:\/\/jeffersonwells.be\/wp-content\/uploads\/2020\/11\/timelINE_FR-2-1024x554.jpg\" \/>\n<meta name=\"twitter:card\" content=\"summary_large_image\" \/>\n<meta name=\"twitter:label1\" content=\"Dur\u00e9e de lecture estim\u00e9e\" \/>\n\t<meta name=\"twitter:data1\" content=\"3 minutes\" \/>\n<script type=\"application\/ld+json\" class=\"yoast-schema-graph\">{\"@context\":\"https:\\\/\\\/schema.org\",\"@graph\":[{\"@type\":\"WebPage\",\"@id\":\"https:\\\/\\\/jeffersonwells.be\\\/fr\\\/a-propos-de-nous\\\/\",\"url\":\"https:\\\/\\\/jeffersonwells.be\\\/fr\\\/a-propos-de-nous\\\/\",\"name\":\"\u00c0 propos de nous - Jefferson Wells\",\"isPartOf\":{\"@id\":\"https:\\\/\\\/jeffersonwells.be\\\/nl\\\/#website\"},\"primaryImageOfPage\":{\"@id\":\"https:\\\/\\\/jeffersonwells.be\\\/fr\\\/a-propos-de-nous\\\/#primaryimage\"},\"image\":{\"@id\":\"https:\\\/\\\/jeffersonwells.be\\\/fr\\\/a-propos-de-nous\\\/#primaryimage\"},\"thumbnailUrl\":\"https:\\\/\\\/jeffersonwells.be\\\/wp-content\\\/uploads\\\/2020\\\/11\\\/timelINE_FR-2-1024x554.jpg\",\"datePublished\":\"2020-10-08T23:12:28+00:00\",\"dateModified\":\"2022-04-04T13:07:17+00:00\",\"inLanguage\":\"fr-FR\",\"potentialAction\":[{\"@type\":\"ReadAction\",\"target\":[\"https:\\\/\\\/jeffersonwells.be\\\/fr\\\/a-propos-de-nous\\\/\"]}]},{\"@type\":\"ImageObject\",\"inLanguage\":\"fr-FR\",\"@id\":\"https:\\\/\\\/jeffersonwells.be\\\/fr\\\/a-propos-de-nous\\\/#primaryimage\",\"url\":\"https:\\\/\\\/jeffersonwells.be\\\/wp-content\\\/uploads\\\/2020\\\/11\\\/timelINE_FR-2-1024x554.jpg\",\"contentUrl\":\"https:\\\/\\\/jeffersonwells.be\\\/wp-content\\\/uploads\\\/2020\\\/11\\\/timelINE_FR-2-1024x554.jpg\"},{\"@type\":\"WebSite\",\"@id\":\"https:\\\/\\\/jeffersonwells.be\\\/nl\\\/#website\",\"url\":\"https:\\\/\\\/jeffersonwells.be\\\/nl\\\/\",\"name\":\"Jefferson Wells\",\"description\":\"\",\"publisher\":{\"@id\":\"https:\\\/\\\/jeffersonwells.be\\\/nl\\\/#organization\"},\"potentialAction\":[{\"@type\":\"SearchAction\",\"target\":{\"@type\":\"EntryPoint\",\"urlTemplate\":\"https:\\\/\\\/jeffersonwells.be\\\/nl\\\/?s={search_term_string}\"},\"query-input\":{\"@type\":\"PropertyValueSpecification\",\"valueRequired\":true,\"valueName\":\"search_term_string\"}}],\"inLanguage\":\"fr-FR\"},{\"@type\":\"Organization\",\"@id\":\"https:\\\/\\\/jeffersonwells.be\\\/nl\\\/#organization\",\"name\":\"Jefferson Wells\",\"url\":\"https:\\\/\\\/jeffersonwells.be\\\/nl\\\/\",\"logo\":{\"@type\":\"ImageObject\",\"inLanguage\":\"fr-FR\",\"@id\":\"https:\\\/\\\/jeffersonwells.be\\\/nl\\\/#\\\/schema\\\/logo\\\/image\\\/\",\"url\":\"https:\\\/\\\/jeffersonwells.be\\\/wp-content\\\/uploads\\\/2020\\\/09\\\/cropped-logo-Jeffersonwells.png\",\"contentUrl\":\"https:\\\/\\\/jeffersonwells.be\\\/wp-content\\\/uploads\\\/2020\\\/09\\\/cropped-logo-Jeffersonwells.png\",\"width\":240,\"height\":47,\"caption\":\"Jefferson Wells\"},\"image\":{\"@id\":\"https:\\\/\\\/jeffersonwells.be\\\/nl\\\/#\\\/schema\\\/logo\\\/image\\\/\"}}]}<\/script>\n<!-- \/ Yoast SEO plugin. -->","yoast_head_json":{"title":"\u00c0 propos de nous - Jefferson Wells","robots":{"index":"index","follow":"follow","max-snippet":"max-snippet:-1","max-image-preview":"max-image-preview:large","max-video-preview":"max-video-preview:-1"},"canonical":"https:\/\/jeffersonwells.be\/fr\/a-propos-de-nous\/","og_locale":"fr_FR","og_type":"article","og_title":"\u00c0 propos de nous - Jefferson Wells","og_description":"\u00c0 propos de nous Jefferson Wells vous propose les talents et solutions n\u00e9cessaires pour vous aider \u00e0 g\u00e9rer les d\u00e9fis que vous rencontrez en entreprise dans les domaines de : Engineering, Life Sciences. Notre mission est de d\u00e9livrer un service \u00e0 haute valeur ajout\u00e9e via l\u2019expertise de nos talents et la flexibilit\u00e9 de nos solutions.Jefferson &hellip; Continuer la lecture de &laquo;&nbsp;\u00c0 propos de nous&nbsp;&raquo;","og_url":"https:\/\/jeffersonwells.be\/fr\/a-propos-de-nous\/","og_site_name":"Jefferson Wells","article_modified_time":"2022-04-04T13:07:17+00:00","og_image":[{"url":"https:\/\/jeffersonwells.be\/wp-content\/uploads\/2020\/11\/timelINE_FR-2-1024x554.jpg","type":"","width":"","height":""}],"twitter_card":"summary_large_image","twitter_misc":{"Dur\u00e9e de lecture estim\u00e9e":"3 minutes"},"schema":{"@context":"https:\/\/schema.org","@graph":[{"@type":"WebPage","@id":"https:\/\/jeffersonwells.be\/fr\/a-propos-de-nous\/","url":"https:\/\/jeffersonwells.be\/fr\/a-propos-de-nous\/","name":"\u00c0 propos de nous - Jefferson Wells","isPartOf":{"@id":"https:\/\/jeffersonwells.be\/nl\/#website"},"primaryImageOfPage":{"@id":"https:\/\/jeffersonwells.be\/fr\/a-propos-de-nous\/#primaryimage"},"image":{"@id":"https:\/\/jeffersonwells.be\/fr\/a-propos-de-nous\/#primaryimage"},"thumbnailUrl":"https:\/\/jeffersonwells.be\/wp-content\/uploads\/2020\/11\/timelINE_FR-2-1024x554.jpg","datePublished":"2020-10-08T23:12:28+00:00","dateModified":"2022-04-04T13:07:17+00:00","inLanguage":"fr-FR","potentialAction":[{"@type":"ReadAction","target":["https:\/\/jeffersonwells.be\/fr\/a-propos-de-nous\/"]}]},{"@type":"ImageObject","inLanguage":"fr-FR","@id":"https:\/\/jeffersonwells.be\/fr\/a-propos-de-nous\/#primaryimage","url":"https:\/\/jeffersonwells.be\/wp-content\/uploads\/2020\/11\/timelINE_FR-2-1024x554.jpg","contentUrl":"https:\/\/jeffersonwells.be\/wp-content\/uploads\/2020\/11\/timelINE_FR-2-1024x554.jpg"},{"@type":"WebSite","@id":"https:\/\/jeffersonwells.be\/nl\/#website","url":"https:\/\/jeffersonwells.be\/nl\/","name":"Jefferson Wells","description":"","publisher":{"@id":"https:\/\/jeffersonwells.be\/nl\/#organization"},"potentialAction":[{"@type":"SearchAction","target":{"@type":"EntryPoint","urlTemplate":"https:\/\/jeffersonwells.be\/nl\/?s={search_term_string}"},"query-input":{"@type":"PropertyValueSpecification","valueRequired":true,"valueName":"search_term_string"}}],"inLanguage":"fr-FR"},{"@type":"Organization","@id":"https:\/\/jeffersonwells.be\/nl\/#organization","name":"Jefferson Wells","url":"https:\/\/jeffersonwells.be\/nl\/","logo":{"@type":"ImageObject","inLanguage":"fr-FR","@id":"https:\/\/jeffersonwells.be\/nl\/#\/schema\/logo\/image\/","url":"https:\/\/jeffersonwells.be\/wp-content\/uploads\/2020\/09\/cropped-logo-Jeffersonwells.png","contentUrl":"https:\/\/jeffersonwells.be\/wp-content\/uploads\/2020\/09\/cropped-logo-Jeffersonwells.png","width":240,"height":47,"caption":"Jefferson Wells"},"image":{"@id":"https:\/\/jeffersonwells.be\/nl\/#\/schema\/logo\/image\/"}}]}},"_links":{"self":[{"href":"https:\/\/jeffersonwells.be\/fr\/wp-json\/wp\/v2\/pages\/7011761","targetHints":{"allow":["GET"]}}],"collection":[{"href":"https:\/\/jeffersonwells.be\/fr\/wp-json\/wp\/v2\/pages"}],"about":[{"href":"https:\/\/jeffersonwells.be\/fr\/wp-json\/wp\/v2\/types\/page"}],"author":[{"embeddable":true,"href":"https:\/\/jeffersonwells.be\/fr\/wp-json\/wp\/v2\/users\/40"}],"replies":[{"embeddable":true,"href":"https:\/\/jeffersonwells.be\/fr\/wp-json\/wp\/v2\/comments?post=7011761"}],"version-history":[{"count":76,"href":"https:\/\/jeffersonwells.be\/fr\/wp-json\/wp\/v2\/pages\/7011761\/revisions"}],"predecessor-version":[{"id":7038124,"href":"https:\/\/jeffersonwells.be\/fr\/wp-json\/wp\/v2\/pages\/7011761\/revisions\/7038124"}],"wp:attachment":[{"href":"https:\/\/jeffersonwells.be\/fr\/wp-json\/wp\/v2\/media?parent=7011761"}],"curies":[{"name":"wp","href":"https:\/\/api.w.org\/{rel}","templated":true}]}}