
{"id":7011771,"date":"2020-10-08T22:48:09","date_gmt":"2020-10-08T22:48:09","guid":{"rendered":"https:\/\/jeffersonwells.be\/?page_id=7011771"},"modified":"2020-12-08T10:27:29","modified_gmt":"2020-12-08T10:27:29","slug":"responsabilite-societale","status":"publish","type":"page","link":"https:\/\/jeffersonwells.be\/fr\/responsabilite-societale\/","title":{"rendered":"Responsabilit\u00e9 soci\u00e9tale"},"content":{"rendered":"\t\t<div data-elementor-type=\"wp-page\" data-elementor-id=\"7011771\" class=\"elementor elementor-7011771 elementor-7011456\" data-elementor-post-type=\"page\">\n\t\t\t\t\t\t<section class=\"elementor-section elementor-top-section elementor-element elementor-element-c66a86a elementor-section-stretched elementor-section-height-min-height elementor-section-boxed elementor-section-height-default elementor-section-items-middle\" data-id=\"c66a86a\" data-element_type=\"section\" data-e-type=\"section\" id=\"responsibility-banner\" data-settings=\"{&quot;stretch_section&quot;:&quot;section-stretched&quot;,&quot;background_background&quot;:&quot;classic&quot;}\">\n\t\t\t\t\t\t<div class=\"elementor-container elementor-column-gap-default\">\n\t\t\t\t\t<div class=\"elementor-column elementor-col-100 elementor-top-column elementor-element elementor-element-1d22db6 skewed-container\" data-id=\"1d22db6\" data-element_type=\"column\" data-e-type=\"column\">\n\t\t\t<div class=\"elementor-widget-wrap elementor-element-populated\">\n\t\t\t\t\t\t<section class=\"elementor-section elementor-inner-section elementor-element elementor-element-d286261 skewed-rectangle elementor-section-height-min-height elementor-section-boxed elementor-section-height-default\" data-id=\"d286261\" data-element_type=\"section\" data-e-type=\"section\" data-settings=\"{&quot;background_background&quot;:&quot;classic&quot;}\">\n\t\t\t\t\t\t<div class=\"elementor-container elementor-column-gap-no\">\n\t\t\t\t\t<div class=\"elementor-column elementor-col-50 elementor-inner-column elementor-element elementor-element-7291257\" data-id=\"7291257\" data-element_type=\"column\" data-e-type=\"column\">\n\t\t\t<div class=\"elementor-widget-wrap\">\n\t\t\t\t\t\t\t<\/div>\n\t\t<\/div>\n\t\t\t\t<div class=\"elementor-column elementor-col-50 elementor-inner-column elementor-element elementor-element-5eba41f\" data-id=\"5eba41f\" data-element_type=\"column\" data-e-type=\"column\">\n\t\t\t<div class=\"elementor-widget-wrap\">\n\t\t\t\t\t\t\t<\/div>\n\t\t<\/div>\n\t\t\t\t\t<\/div>\n\t\t<\/section>\n\t\t\t\t<section class=\"elementor-section elementor-inner-section elementor-element elementor-element-60a5769 elementor-section-height-min-height elementor-section-boxed elementor-section-height-default\" data-id=\"60a5769\" data-element_type=\"section\" data-e-type=\"section\">\n\t\t\t\t\t\t<div class=\"elementor-container elementor-column-gap-default\">\n\t\t\t\t\t<div class=\"elementor-column elementor-col-50 elementor-inner-column elementor-element elementor-element-5ed74cc\" data-id=\"5ed74cc\" data-element_type=\"column\" data-e-type=\"column\" id=\"banner-responsibility-text\">\n\t\t\t<div class=\"elementor-widget-wrap elementor-element-populated\">\n\t\t\t\t\t\t<div class=\"elementor-element elementor-element-db2371c elementor-widget elementor-widget-text-editor\" data-id=\"db2371c\" data-element_type=\"widget\" data-e-type=\"widget\" data-widget_type=\"text-editor.default\">\n\t\t\t\t<div class=\"elementor-widget-container\">\n\t\t\t\t\t\t\t\t\t<h5 style=\"color: #ffffff;\">\u00c0 PROPOS DE NOUS<\/h5>\n<h2><span style=\"color: #ffffff;\">Responsabilit\u00e9 soci\u00e9tale\n<\/span><\/h2>\n<span style=\"color: #ffffff;\">Au sein de Jefferson Wells, nous prenons un role actif au sein de la soci\u00e9t\u00e9 pour promouvoir des lieux de travails inclusifs soutenant l\u2019innovation et permettant \u00e0 tout un chacun de developper au maximum son potentiel.<br>La responsabilit\u00e9 soci\u00e9tale est ainsi au c\u0153ur de notre strat\u00e9gie et nous agissons en observant les plus hauts standards dans le domaine du d\u00e9veloppement durable au niveau de l\u2019environnement, de la s\u00e9curit\u00e9, de l\u2019\u00e9thique, de la gouvernance d\u2019entreprise, des droits humains et des ressources humaines.\u00a0 Ce n\u2019est pas un hasard si ManpowerGroup figure sur la liste prestigieuse des entreprises les plus \u00e9thiques au monde \u00e9tablie par l\u2019Ethisphere Institute et si ManpowerGroup BeLux a obtenu la M\u00e9daille d\u2019or sur la plateforme EcoVadis qui mesure les performances RSE des entreprises. <\/span>\n\n&nbsp;\t\t\t\t\t\t\t\t<\/div>\n\t\t\t\t<\/div>\n\t\t\t\t\t<\/div>\n\t\t<\/div>\n\t\t\t\t<div class=\"elementor-column elementor-col-50 elementor-inner-column elementor-element elementor-element-8566500\" data-id=\"8566500\" data-element_type=\"column\" data-e-type=\"column\">\n\t\t\t<div class=\"elementor-widget-wrap\">\n\t\t\t\t\t\t\t<\/div>\n\t\t<\/div>\n\t\t\t\t\t<\/div>\n\t\t<\/section>\n\t\t\t\t\t<\/div>\n\t\t<\/div>\n\t\t\t\t\t<\/div>\n\t\t<\/section>\n\t\t\t\t<section class=\"elementor-section elementor-top-section elementor-element elementor-element-4cff7f5 elementor-section-stretched colorWhite elementor-section-boxed elementor-section-height-default elementor-section-height-default\" data-id=\"4cff7f5\" data-element_type=\"section\" data-e-type=\"section\" id=\"Section2-noir\" data-settings=\"{&quot;stretch_section&quot;:&quot;section-stretched&quot;,&quot;background_background&quot;:&quot;classic&quot;}\">\n\t\t\t\t\t\t<div class=\"elementor-container elementor-column-gap-default\">\n\t\t\t\t\t<div class=\"elementor-column elementor-col-100 elementor-top-column elementor-element elementor-element-247fd29\" data-id=\"247fd29\" data-element_type=\"column\" data-e-type=\"column\">\n\t\t\t<div class=\"elementor-widget-wrap elementor-element-populated\">\n\t\t\t\t\t\t<div class=\"elementor-element elementor-element-3077d39 elementor-widget elementor-widget-text-editor\" data-id=\"3077d39\" data-element_type=\"widget\" data-e-type=\"widget\" data-widget_type=\"text-editor.default\">\n\t\t\t\t<div class=\"elementor-widget-container\">\n\t\t\t\t\t\t\t\t\t<h2 style=\"text-align: center;\">Partie int\u00e9grante d\u2019un groupe Ethique.<\/h2><p><b>ManpowerGroup a <\/b><b>\u00e9t\u00e9<\/b> <b>reconnu<\/b><b> pour la <\/b><b>septi\u00e8me<\/b> <b>ann\u00e9e<\/b><b> consecutive <\/b><b>comme<\/b> <b>entreprise<\/b><b> la plus <\/b><b>\u00e9thique<\/b><b> au monde par <\/b><b>l\u2019institute<\/b> <b>Ethisph\u00e8re<\/b><b>, un <\/b><b>organisme<\/b> <b>reconnu<\/b><b> dans le monde pour <\/b><b>d\u00e9finir<\/b><b> les <\/b><b>meilleures<\/b> <b>pratiques<\/b> <b>en<\/b><b> la mati\u00e8re. Notre <\/b><b>groupe<\/b><b> a <\/b><b>\u00e9galement<\/b> <b>\u00e9t\u00e9<\/b> <b>nomm\u00e9<\/b> <b>comme<\/b> <b>une<\/b><b> des <\/b><b>entreprises<\/b><b> les plus <\/b><b>admir\u00e9es<\/b><b> dans le monde par le magazine Fortune<\/b>.<\/p><p>\u201cChez ManpowerGroup, nous pensons que g\u00e9rer une entreprise et fournir des emplois durables \u00e0 des millions de personnes en respectant leurs valeurs est une combinaison unique pour atteindre une croissance \u00e9thique\u201d, dixit notre CEO Jonas Prising. \u201cNous sommes fiers d\u2019\u00eatre la seul entreprise de notre industrie \u00e0 \u00eatre \u00e0 la fois reconnue comme <b>une<\/b><b> des plus <\/b><b>\u00e9thiques<\/b><b> et des plus <\/b><b>admir\u00e9es<\/b><b> dans le monde<\/b>.\u201d Ceci est notre engagement aupr\u00e8s de nos <b>28 000 <\/b><b>employ\u00e9s<\/b> \u00e0 travers le monde qui d\u00e9livrent tous les jours un travail de qualit\u00e9 pour nos clients.<\/p><p style=\"text-align: center;\">Pour en apprendre plus sur nos projets, visitez <a style=\"text-transform: inherit; font-weight: 400;\" href=\"http:\/\/www.manpowergroup.com\/DoingWellByDoingGood\">http:\/\/www.manpowergroup.com\/DoingWellByDoingGood<\/a><\/p>\t\t\t\t\t\t\t\t<\/div>\n\t\t\t\t<\/div>\n\t\t\t\t\t<\/div>\n\t\t<\/div>\n\t\t\t\t\t<\/div>\n\t\t<\/section>\n\t\t\t\t<\/div>\n\t\t","protected":false},"excerpt":{"rendered":"<p>\u00c0 PROPOS DE NOUS Responsabilit\u00e9 soci\u00e9tale Au sein de Jefferson Wells, nous prenons un role actif au sein de la soci\u00e9t\u00e9 pour promouvoir des lieux de travails inclusifs soutenant l\u2019innovation et permettant \u00e0 tout un chacun de developper au maximum son potentiel.La responsabilit\u00e9 soci\u00e9tale est ainsi au c\u0153ur de notre strat\u00e9gie et nous agissons en &hellip; <a href=\"https:\/\/jeffersonwells.be\/fr\/responsabilite-societale\/\" class=\"more-link\">Continuer la lecture<span class=\"screen-reader-text\"> de &laquo;&nbsp;Responsabilit\u00e9 soci\u00e9tale&nbsp;&raquo;<\/span><\/a><\/p>\n","protected":false},"author":40,"featured_media":0,"parent":0,"menu_order":0,"comment_status":"closed","ping_status":"closed","template":"elementor_header_footer","meta":{"_vp_format_video_url":"","_vp_image_focal_point":[],"footnotes":""},"class_list":["post-7011771","page","type-page","status-publish","hentry"],"yoast_head":"<!-- This site is optimized with the Yoast SEO plugin v27.5 - https:\/\/yoast.com\/product\/yoast-seo-wordpress\/ -->\n<title>Responsabilit\u00e9 soci\u00e9tale - Jefferson Wells<\/title>\n<meta name=\"robots\" content=\"index, follow, max-snippet:-1, max-image-preview:large, max-video-preview:-1\" \/>\n<link rel=\"canonical\" href=\"https:\/\/jeffersonwells.be\/fr\/responsabilite-societale\/\" \/>\n<meta property=\"og:locale\" content=\"fr_FR\" \/>\n<meta property=\"og:type\" content=\"article\" \/>\n<meta property=\"og:title\" content=\"Responsabilit\u00e9 soci\u00e9tale - Jefferson Wells\" \/>\n<meta property=\"og:description\" content=\"\u00c0 PROPOS DE NOUS Responsabilit\u00e9 soci\u00e9tale Au sein de Jefferson Wells, nous prenons un role actif au sein de la soci\u00e9t\u00e9 pour promouvoir des lieux de travails inclusifs soutenant l\u2019innovation et permettant \u00e0 tout un chacun de developper au maximum son potentiel.La responsabilit\u00e9 soci\u00e9tale est ainsi au c\u0153ur de notre strat\u00e9gie et nous agissons en &hellip; Continuer la lecture de &laquo;&nbsp;Responsabilit\u00e9 soci\u00e9tale&nbsp;&raquo;\" \/>\n<meta property=\"og:url\" content=\"https:\/\/jeffersonwells.be\/fr\/responsabilite-societale\/\" \/>\n<meta property=\"og:site_name\" content=\"Jefferson Wells\" \/>\n<meta property=\"article:modified_time\" content=\"2020-12-08T10:27:29+00:00\" \/>\n<meta name=\"twitter:card\" content=\"summary_large_image\" \/>\n<meta name=\"twitter:label1\" content=\"Dur\u00e9e de lecture estim\u00e9e\" \/>\n\t<meta name=\"twitter:data1\" content=\"2 minutes\" \/>\n<script type=\"application\/ld+json\" class=\"yoast-schema-graph\">{\"@context\":\"https:\\\/\\\/schema.org\",\"@graph\":[{\"@type\":\"WebPage\",\"@id\":\"https:\\\/\\\/jeffersonwells.be\\\/fr\\\/responsabilite-societale\\\/\",\"url\":\"https:\\\/\\\/jeffersonwells.be\\\/fr\\\/responsabilite-societale\\\/\",\"name\":\"Responsabilit\u00e9 soci\u00e9tale - Jefferson Wells\",\"isPartOf\":{\"@id\":\"https:\\\/\\\/jeffersonwells.be\\\/nl\\\/#website\"},\"datePublished\":\"2020-10-08T22:48:09+00:00\",\"dateModified\":\"2020-12-08T10:27:29+00:00\",\"inLanguage\":\"fr-FR\",\"potentialAction\":[{\"@type\":\"ReadAction\",\"target\":[\"https:\\\/\\\/jeffersonwells.be\\\/fr\\\/responsabilite-societale\\\/\"]}]},{\"@type\":\"WebSite\",\"@id\":\"https:\\\/\\\/jeffersonwells.be\\\/nl\\\/#website\",\"url\":\"https:\\\/\\\/jeffersonwells.be\\\/nl\\\/\",\"name\":\"Jefferson Wells\",\"description\":\"\",\"publisher\":{\"@id\":\"https:\\\/\\\/jeffersonwells.be\\\/nl\\\/#organization\"},\"potentialAction\":[{\"@type\":\"SearchAction\",\"target\":{\"@type\":\"EntryPoint\",\"urlTemplate\":\"https:\\\/\\\/jeffersonwells.be\\\/nl\\\/?s={search_term_string}\"},\"query-input\":{\"@type\":\"PropertyValueSpecification\",\"valueRequired\":true,\"valueName\":\"search_term_string\"}}],\"inLanguage\":\"fr-FR\"},{\"@type\":\"Organization\",\"@id\":\"https:\\\/\\\/jeffersonwells.be\\\/nl\\\/#organization\",\"name\":\"Jefferson Wells\",\"url\":\"https:\\\/\\\/jeffersonwells.be\\\/nl\\\/\",\"logo\":{\"@type\":\"ImageObject\",\"inLanguage\":\"fr-FR\",\"@id\":\"https:\\\/\\\/jeffersonwells.be\\\/nl\\\/#\\\/schema\\\/logo\\\/image\\\/\",\"url\":\"https:\\\/\\\/jeffersonwells.be\\\/wp-content\\\/uploads\\\/2020\\\/09\\\/cropped-logo-Jeffersonwells.png\",\"contentUrl\":\"https:\\\/\\\/jeffersonwells.be\\\/wp-content\\\/uploads\\\/2020\\\/09\\\/cropped-logo-Jeffersonwells.png\",\"width\":240,\"height\":47,\"caption\":\"Jefferson Wells\"},\"image\":{\"@id\":\"https:\\\/\\\/jeffersonwells.be\\\/nl\\\/#\\\/schema\\\/logo\\\/image\\\/\"}}]}<\/script>\n<!-- \/ Yoast SEO plugin. -->","yoast_head_json":{"title":"Responsabilit\u00e9 soci\u00e9tale - Jefferson Wells","robots":{"index":"index","follow":"follow","max-snippet":"max-snippet:-1","max-image-preview":"max-image-preview:large","max-video-preview":"max-video-preview:-1"},"canonical":"https:\/\/jeffersonwells.be\/fr\/responsabilite-societale\/","og_locale":"fr_FR","og_type":"article","og_title":"Responsabilit\u00e9 soci\u00e9tale - Jefferson Wells","og_description":"\u00c0 PROPOS DE NOUS Responsabilit\u00e9 soci\u00e9tale Au sein de Jefferson Wells, nous prenons un role actif au sein de la soci\u00e9t\u00e9 pour promouvoir des lieux de travails inclusifs soutenant l\u2019innovation et permettant \u00e0 tout un chacun de developper au maximum son potentiel.La responsabilit\u00e9 soci\u00e9tale est ainsi au c\u0153ur de notre strat\u00e9gie et nous agissons en &hellip; Continuer la lecture de &laquo;&nbsp;Responsabilit\u00e9 soci\u00e9tale&nbsp;&raquo;","og_url":"https:\/\/jeffersonwells.be\/fr\/responsabilite-societale\/","og_site_name":"Jefferson Wells","article_modified_time":"2020-12-08T10:27:29+00:00","twitter_card":"summary_large_image","twitter_misc":{"Dur\u00e9e de lecture estim\u00e9e":"2 minutes"},"schema":{"@context":"https:\/\/schema.org","@graph":[{"@type":"WebPage","@id":"https:\/\/jeffersonwells.be\/fr\/responsabilite-societale\/","url":"https:\/\/jeffersonwells.be\/fr\/responsabilite-societale\/","name":"Responsabilit\u00e9 soci\u00e9tale - Jefferson Wells","isPartOf":{"@id":"https:\/\/jeffersonwells.be\/nl\/#website"},"datePublished":"2020-10-08T22:48:09+00:00","dateModified":"2020-12-08T10:27:29+00:00","inLanguage":"fr-FR","potentialAction":[{"@type":"ReadAction","target":["https:\/\/jeffersonwells.be\/fr\/responsabilite-societale\/"]}]},{"@type":"WebSite","@id":"https:\/\/jeffersonwells.be\/nl\/#website","url":"https:\/\/jeffersonwells.be\/nl\/","name":"Jefferson Wells","description":"","publisher":{"@id":"https:\/\/jeffersonwells.be\/nl\/#organization"},"potentialAction":[{"@type":"SearchAction","target":{"@type":"EntryPoint","urlTemplate":"https:\/\/jeffersonwells.be\/nl\/?s={search_term_string}"},"query-input":{"@type":"PropertyValueSpecification","valueRequired":true,"valueName":"search_term_string"}}],"inLanguage":"fr-FR"},{"@type":"Organization","@id":"https:\/\/jeffersonwells.be\/nl\/#organization","name":"Jefferson Wells","url":"https:\/\/jeffersonwells.be\/nl\/","logo":{"@type":"ImageObject","inLanguage":"fr-FR","@id":"https:\/\/jeffersonwells.be\/nl\/#\/schema\/logo\/image\/","url":"https:\/\/jeffersonwells.be\/wp-content\/uploads\/2020\/09\/cropped-logo-Jeffersonwells.png","contentUrl":"https:\/\/jeffersonwells.be\/wp-content\/uploads\/2020\/09\/cropped-logo-Jeffersonwells.png","width":240,"height":47,"caption":"Jefferson Wells"},"image":{"@id":"https:\/\/jeffersonwells.be\/nl\/#\/schema\/logo\/image\/"}}]}},"_links":{"self":[{"href":"https:\/\/jeffersonwells.be\/fr\/wp-json\/wp\/v2\/pages\/7011771","targetHints":{"allow":["GET"]}}],"collection":[{"href":"https:\/\/jeffersonwells.be\/fr\/wp-json\/wp\/v2\/pages"}],"about":[{"href":"https:\/\/jeffersonwells.be\/fr\/wp-json\/wp\/v2\/types\/page"}],"author":[{"embeddable":true,"href":"https:\/\/jeffersonwells.be\/fr\/wp-json\/wp\/v2\/users\/40"}],"replies":[{"embeddable":true,"href":"https:\/\/jeffersonwells.be\/fr\/wp-json\/wp\/v2\/comments?post=7011771"}],"version-history":[{"count":11,"href":"https:\/\/jeffersonwells.be\/fr\/wp-json\/wp\/v2\/pages\/7011771\/revisions"}],"predecessor-version":[{"id":7013217,"href":"https:\/\/jeffersonwells.be\/fr\/wp-json\/wp\/v2\/pages\/7011771\/revisions\/7013217"}],"wp:attachment":[{"href":"https:\/\/jeffersonwells.be\/fr\/wp-json\/wp\/v2\/media?parent=7011771"}],"curies":[{"name":"wp","href":"https:\/\/api.w.org\/{rel}","templated":true}]}}